{"id":128,"date":"2016-02-29T14:17:32","date_gmt":"2016-02-29T14:17:32","guid":{"rendered":"http:\/\/practicasemprendeweb.com\/alumno05\/?page_id=128"},"modified":"2016-04-29T10:58:50","modified_gmt":"2016-04-29T10:58:50","slug":"colabora-salvemos-las-pitas-almeria","status":"publish","type":"page","link":"https:\/\/elpicudonegro.com\/web\/colabora-salvemos-las-pitas-almeria\/","title":{"rendered":"COLABORA"},"content":{"rendered":"<header>\n<p style=\"text-align: justify;\">Solicitamos\u00a0tu apoyo a la <strong>Plataforma Salvemos las Pitas de Almer\u00eda<\/strong> para mantener nuestra actividad,\u00a0<strong>tu aportaci\u00f3n\u00a0<\/strong>por peque\u00f1a que sea, es importante y necesaria.<\/p>\n<\/header>\n<div class=\"itemBody\">\n<figure id=\"attachment_283\" aria-describedby=\"caption-attachment-283\" style=\"width: 444px\" class=\"wp-caption aligncenter\"><img data-recalc-dims=\"1\" loading=\"lazy\" decoding=\"async\" data-attachment-id=\"283\" data-permalink=\"https:\/\/elpicudonegro.com\/web\/colabora-salvemos-las-pitas-almeria\/atardecer-con-las-pitas-2\/\" data-orig-file=\"https:\/\/i0.wp.com\/elpicudonegro.com\/web\/wp-content\/uploads\/2016\/02\/atardecer-con-las-pitas.jpg?fit=960%2C720&amp;ssl=1\" data-orig-size=\"960,720\" data-comments-opened=\"1\" data-image-meta=\"{&quot;aperture&quot;:&quot;0&quot;,&quot;credit&quot;:&quot;&quot;,&quot;camera&quot;:&quot;&quot;,&quot;caption&quot;:&quot;&quot;,&quot;created_timestamp&quot;:&quot;0&quot;,&quot;copyright&quot;:&quot;&quot;,&quot;focal_length&quot;:&quot;0&quot;,&quot;iso&quot;:&quot;0&quot;,&quot;shutter_speed&quot;:&quot;0&quot;,&quot;title&quot;:&quot;&quot;,&quot;orientation&quot;:&quot;0&quot;}\" data-image-title=\"atardecer con las pitas\" data-image-description=\"\" data-image-caption=\"\" data-large-file=\"https:\/\/i0.wp.com\/elpicudonegro.com\/web\/wp-content\/uploads\/2016\/02\/atardecer-con-las-pitas.jpg?fit=474%2C356&amp;ssl=1\" class=\"wp-image-283\" title=\"apoyo a salvemos las pitas de almer\u00eda\" src=\"https:\/\/i0.wp.com\/elpicudonegro.com\/web\/wp-content\/uploads\/2016\/02\/atardecer-con-las-pitas.jpg?resize=444%2C333\" alt=\"atardecer con las pitas\" width=\"444\" height=\"333\" srcset=\"https:\/\/i0.wp.com\/elpicudonegro.com\/web\/wp-content\/uploads\/2016\/02\/atardecer-con-las-pitas.jpg?resize=300%2C225&amp;ssl=1 300w, https:\/\/i0.wp.com\/elpicudonegro.com\/web\/wp-content\/uploads\/2016\/02\/atardecer-con-las-pitas.jpg?resize=768%2C576&amp;ssl=1 768w, https:\/\/i0.wp.com\/elpicudonegro.com\/web\/wp-content\/uploads\/2016\/02\/atardecer-con-las-pitas.jpg?w=960&amp;ssl=1 960w\" sizes=\"auto, (max-width: 444px) 100vw, 444px\" \/><figcaption id=\"caption-attachment-283\" class=\"wp-caption-text\">ATARDECER CON LAS PITAS<\/figcaption><\/figure>\n<\/div>\n<div style=\"text-align: center;\">\n<form action=\"https:\/\/www.paypal.com\/cgi-bin\/webscr\" method=\"post\" target=\"_top\"><input name=\"cmd\" type=\"hidden\" value=\"_s-xclick\" \/><br \/>\n<input name=\"hosted_button_id\" type=\"hidden\" value=\"5NAVWN2SWUQ7J\" \/><br \/>\n<input alt=\"PayPal. La forma r\u00e1pida y segura de pagar en Internet.\" name=\"submit\" src=\"https:\/\/www.paypalobjects.com\/es_ES\/ES\/i\/btn\/btn_donateCC_LG.gif\" type=\"image\" \/><br \/>\n<img loading=\"lazy\" decoding=\"async\" src=\"https:\/\/www.paypalobjects.com\/es_ES\/i\/scr\/pixel.gif\" alt=\"\" width=\"1\" height=\"1\" border=\"0\" \/><\/form>\n<p style=\"text-align: center;\">Pincha para hacer DONACI\u00d3N 100% SEGURO (paypal)<\/p>\n<p style=\"text-align: justify;\">Llamamos desde aqu\u00ed tambi\u00e9n a <strong>EMPRESAS<\/strong>\u00a0que puedan estar interesadas en colocar su publicidad en esta web, colaborando as\u00ed con nuestra causa.<br \/>\nT\u00fa decides cu\u00e1nto quieres donar, \u00a1cualquier cantidad, por peque\u00f1a que sea, es bienvenida!<br \/>\nSi lo prefieres, puedes hacer tu donaci\u00f3n mediante <strong>transferencia bancaria<\/strong> a la siguiente cuenta:<\/p>\n<h6><strong>ENTIDAD : CaixaBank<\/strong><br \/>\n<strong> IBAN: \u00a0ES77\u00a0\u00a02100-6164-21-0200116988<\/strong><\/h6>\n<h6><em>Y las cuentas claras&#8230;.Tendremos una rendici\u00f3n de cuentas trimestral.<\/em><\/h6>\n<h5><span style=\"color: #800080;\">MUCHAS GRACIAS POR TU AYUDA!!<\/span><\/h5>\n<p><span class=\"embed-youtube\" style=\"text-align:center; display: block;\"><iframe loading=\"lazy\" class=\"youtube-player\" width=\"474\" height=\"267\" src=\"https:\/\/www.youtube.com\/embed\/vCE9q7ldULs?version=3&#038;rel=1&#038;showsearch=0&#038;showinfo=1&#038;iv_load_policy=1&#038;fs=1&#038;hl=es-ES&#038;autohide=2&#038;wmode=transparent\" allowfullscreen=\"true\" style=\"border:0;\" sandbox=\"allow-scripts allow-same-origin allow-popups allow-presentation allow-popups-to-escape-sandbox\"><\/iframe><\/span><\/p>\n<\/div>\n<div style=\"text-align: justify;\"><\/div>\n<div id=\"gkSocialAPI\" style=\"text-align: justify;\"><em>En cualquier caso, seguiremos reclamando a las Administraciones\u00a0su obligaci\u00f3n de atender esta <strong>demanda socia<\/strong>l, lamentablemente\u00a0no tenemos\u00a0tiempo para esperar respuesta y es por eso que pedimos el\u00a0donativo que\u00a0nos permita seguir trabajando.<\/em><\/div>\n<p>&nbsp;<\/p>\n","protected":false},"excerpt":{"rendered":"<p>Solicitamos\u00a0tu apoyo a la Plataforma Salvemos las Pitas de Almer\u00eda para mantener nuestra actividad,\u00a0tu aportaci\u00f3n\u00a0por peque\u00f1a que sea, es importante y necesaria. Pincha para hacer DONACI\u00d3N 100% SEGURO (paypal) Llamamos desde aqu\u00ed tambi\u00e9n a EMPRESAS\u00a0que puedan estar interesadas en colocar su publicidad en esta web, colaborando as\u00ed con nuestra causa. T\u00fa decides cu\u00e1nto quieres donar, &hellip; <a href=\"https:\/\/elpicudonegro.com\/web\/colabora-salvemos-las-pitas-almeria\/\" class=\"more-link\">Seguir leyendo <span class=\"screen-reader-text\">COLABORA<\/span> <span class=\"meta-nav\">&rarr;<\/span><\/a><\/p>\n","protected":false},"author":1,"featured_media":0,"parent":0,"menu_order":0,"comment_status":"closed","ping_status":"closed","template":"","meta":{"jetpack_post_was_ever_published":false,"footnotes":""},"class_list":["post-128","page","type-page","status-publish","hentry"],"yoast_head":"<!-- This site is optimized with the Yoast SEO plugin v27.4 - https:\/\/yoast.com\/product\/yoast-seo-wordpress\/ -->\n<title>COLABORA - EL PICUDO NEGRO<\/title>\n<meta name=\"description\" content=\"COLABORA; Solicitamos tu apoyo a la Plataforma Salvemos las Pitas de Almer\u00eda para mantener nuestra actividad, tu aportaci\u00f3n es importante.\" \/>\n<meta name=\"robots\" content=\"index, follow, max-snippet:-1, max-image-preview:large, max-video-preview:-1\" \/>\n<link rel=\"canonical\" href=\"https:\/\/elpicudonegro.com\/web\/colabora-salvemos-las-pitas-almeria\/\" \/>\n<meta property=\"og:locale\" content=\"es_ES\" \/>\n<meta property=\"og:type\" content=\"article\" \/>\n<meta property=\"og:title\" content=\"COLABORA - EL PICUDO NEGRO\" \/>\n<meta property=\"og:description\" content=\"COLABORA; Solicitamos tu apoyo a la Plataforma Salvemos las Pitas de Almer\u00eda para mantener nuestra actividad, tu aportaci\u00f3n es importante.\" \/>\n<meta property=\"og:url\" content=\"https:\/\/elpicudonegro.com\/web\/colabora-salvemos-las-pitas-almeria\/\" \/>\n<meta property=\"og:site_name\" content=\"EL PICUDO NEGRO\" \/>\n<meta property=\"article:modified_time\" content=\"2016-04-29T10:58:50+00:00\" \/>\n<meta property=\"og:image\" content=\"http:\/\/elpicudonegro.com\/web\/wp-content\/uploads\/2016\/02\/atardecer-con-las-pitas-300x225.jpg\" \/>\n<meta name=\"twitter:card\" content=\"summary_large_image\" \/>\n<meta name=\"twitter:label1\" content=\"Tiempo de lectura\" \/>\n\t<meta name=\"twitter:data1\" content=\"1 minuto\" \/>\n<script type=\"application\/ld+json\" class=\"yoast-schema-graph\">{\"@context\":\"https:\\\/\\\/schema.org\",\"@graph\":[{\"@type\":\"WebPage\",\"@id\":\"https:\\\/\\\/elpicudonegro.com\\\/web\\\/colabora-salvemos-las-pitas-almeria\\\/\",\"url\":\"https:\\\/\\\/elpicudonegro.com\\\/web\\\/colabora-salvemos-las-pitas-almeria\\\/\",\"name\":\"COLABORA - EL PICUDO NEGRO\",\"isPartOf\":{\"@id\":\"https:\\\/\\\/elpicudonegro.com\\\/web\\\/#website\"},\"primaryImageOfPage\":{\"@id\":\"https:\\\/\\\/elpicudonegro.com\\\/web\\\/colabora-salvemos-las-pitas-almeria\\\/#primaryimage\"},\"image\":{\"@id\":\"https:\\\/\\\/elpicudonegro.com\\\/web\\\/colabora-salvemos-las-pitas-almeria\\\/#primaryimage\"},\"thumbnailUrl\":\"http:\\\/\\\/elpicudonegro.com\\\/web\\\/wp-content\\\/uploads\\\/2016\\\/02\\\/atardecer-con-las-pitas-300x225.jpg\",\"datePublished\":\"2016-02-29T14:17:32+00:00\",\"dateModified\":\"2016-04-29T10:58:50+00:00\",\"description\":\"COLABORA; Solicitamos tu apoyo a la Plataforma Salvemos las Pitas de Almer\u00eda para mantener nuestra actividad, tu aportaci\u00f3n es importante.\",\"breadcrumb\":{\"@id\":\"https:\\\/\\\/elpicudonegro.com\\\/web\\\/colabora-salvemos-las-pitas-almeria\\\/#breadcrumb\"},\"inLanguage\":\"es\",\"potentialAction\":[{\"@type\":\"ReadAction\",\"target\":[\"https:\\\/\\\/elpicudonegro.com\\\/web\\\/colabora-salvemos-las-pitas-almeria\\\/\"]}]},{\"@type\":\"ImageObject\",\"inLanguage\":\"es\",\"@id\":\"https:\\\/\\\/elpicudonegro.com\\\/web\\\/colabora-salvemos-las-pitas-almeria\\\/#primaryimage\",\"url\":\"https:\\\/\\\/i0.wp.com\\\/elpicudonegro.com\\\/web\\\/wp-content\\\/uploads\\\/2016\\\/02\\\/atardecer-con-las-pitas.jpg?fit=960%2C720&ssl=1\",\"contentUrl\":\"https:\\\/\\\/i0.wp.com\\\/elpicudonegro.com\\\/web\\\/wp-content\\\/uploads\\\/2016\\\/02\\\/atardecer-con-las-pitas.jpg?fit=960%2C720&ssl=1\",\"width\":960,\"height\":720},{\"@type\":\"BreadcrumbList\",\"@id\":\"https:\\\/\\\/elpicudonegro.com\\\/web\\\/colabora-salvemos-las-pitas-almeria\\\/#breadcrumb\",\"itemListElement\":[{\"@type\":\"ListItem\",\"position\":1,\"name\":\"Portada\",\"item\":\"https:\\\/\\\/elpicudonegro.com\\\/web\\\/\"},{\"@type\":\"ListItem\",\"position\":2,\"name\":\"COLABORA\"}]},{\"@type\":\"WebSite\",\"@id\":\"https:\\\/\\\/elpicudonegro.com\\\/web\\\/#website\",\"url\":\"https:\\\/\\\/elpicudonegro.com\\\/web\\\/\",\"name\":\"EL PICUDO NEGRO\",\"description\":\"Control de la plaga de picudo negro en las pitas de Almeria\",\"potentialAction\":[{\"@type\":\"SearchAction\",\"target\":{\"@type\":\"EntryPoint\",\"urlTemplate\":\"https:\\\/\\\/elpicudonegro.com\\\/web\\\/?s={search_term_string}\"},\"query-input\":{\"@type\":\"PropertyValueSpecification\",\"valueRequired\":true,\"valueName\":\"search_term_string\"}}],\"inLanguage\":\"es\"}]}<\/script>\n<!-- \/ Yoast SEO plugin. -->","yoast_head_json":{"title":"COLABORA - EL PICUDO NEGRO","description":"COLABORA; Solicitamos tu apoyo a la Plataforma Salvemos las Pitas de Almer\u00eda para mantener nuestra actividad, tu aportaci\u00f3n es importante.","robots":{"index":"index","follow":"follow","max-snippet":"max-snippet:-1","max-image-preview":"max-image-preview:large","max-video-preview":"max-video-preview:-1"},"canonical":"https:\/\/elpicudonegro.com\/web\/colabora-salvemos-las-pitas-almeria\/","og_locale":"es_ES","og_type":"article","og_title":"COLABORA - EL PICUDO NEGRO","og_description":"COLABORA; Solicitamos tu apoyo a la Plataforma Salvemos las Pitas de Almer\u00eda para mantener nuestra actividad, tu aportaci\u00f3n es importante.","og_url":"https:\/\/elpicudonegro.com\/web\/colabora-salvemos-las-pitas-almeria\/","og_site_name":"EL PICUDO NEGRO","article_modified_time":"2016-04-29T10:58:50+00:00","og_image":[{"url":"http:\/\/elpicudonegro.com\/web\/wp-content\/uploads\/2016\/02\/atardecer-con-las-pitas-300x225.jpg","type":"","width":"","height":""}],"twitter_card":"summary_large_image","twitter_misc":{"Tiempo de lectura":"1 minuto"},"schema":{"@context":"https:\/\/schema.org","@graph":[{"@type":"WebPage","@id":"https:\/\/elpicudonegro.com\/web\/colabora-salvemos-las-pitas-almeria\/","url":"https:\/\/elpicudonegro.com\/web\/colabora-salvemos-las-pitas-almeria\/","name":"COLABORA - EL PICUDO NEGRO","isPartOf":{"@id":"https:\/\/elpicudonegro.com\/web\/#website"},"primaryImageOfPage":{"@id":"https:\/\/elpicudonegro.com\/web\/colabora-salvemos-las-pitas-almeria\/#primaryimage"},"image":{"@id":"https:\/\/elpicudonegro.com\/web\/colabora-salvemos-las-pitas-almeria\/#primaryimage"},"thumbnailUrl":"http:\/\/elpicudonegro.com\/web\/wp-content\/uploads\/2016\/02\/atardecer-con-las-pitas-300x225.jpg","datePublished":"2016-02-29T14:17:32+00:00","dateModified":"2016-04-29T10:58:50+00:00","description":"COLABORA; Solicitamos tu apoyo a la Plataforma Salvemos las Pitas de Almer\u00eda para mantener nuestra actividad, tu aportaci\u00f3n es importante.","breadcrumb":{"@id":"https:\/\/elpicudonegro.com\/web\/colabora-salvemos-las-pitas-almeria\/#breadcrumb"},"inLanguage":"es","potentialAction":[{"@type":"ReadAction","target":["https:\/\/elpicudonegro.com\/web\/colabora-salvemos-las-pitas-almeria\/"]}]},{"@type":"ImageObject","inLanguage":"es","@id":"https:\/\/elpicudonegro.com\/web\/colabora-salvemos-las-pitas-almeria\/#primaryimage","url":"https:\/\/i0.wp.com\/elpicudonegro.com\/web\/wp-content\/uploads\/2016\/02\/atardecer-con-las-pitas.jpg?fit=960%2C720&ssl=1","contentUrl":"https:\/\/i0.wp.com\/elpicudonegro.com\/web\/wp-content\/uploads\/2016\/02\/atardecer-con-las-pitas.jpg?fit=960%2C720&ssl=1","width":960,"height":720},{"@type":"BreadcrumbList","@id":"https:\/\/elpicudonegro.com\/web\/colabora-salvemos-las-pitas-almeria\/#breadcrumb","itemListElement":[{"@type":"ListItem","position":1,"name":"Portada","item":"https:\/\/elpicudonegro.com\/web\/"},{"@type":"ListItem","position":2,"name":"COLABORA"}]},{"@type":"WebSite","@id":"https:\/\/elpicudonegro.com\/web\/#website","url":"https:\/\/elpicudonegro.com\/web\/","name":"EL PICUDO NEGRO","description":"Control de la plaga de picudo negro en las pitas de Almeria","potentialAction":[{"@type":"SearchAction","target":{"@type":"EntryPoint","urlTemplate":"https:\/\/elpicudonegro.com\/web\/?s={search_term_string}"},"query-input":{"@type":"PropertyValueSpecification","valueRequired":true,"valueName":"search_term_string"}}],"inLanguage":"es"}]}},"jetpack_sharing_enabled":true,"jetpack_shortlink":"https:\/\/wp.me\/P7lxPt-24","jetpack-related-posts":[],"_links":{"self":[{"href":"https:\/\/elpicudonegro.com\/web\/wp-json\/wp\/v2\/pages\/128","targetHints":{"allow":["GET"]}}],"collection":[{"href":"https:\/\/elpicudonegro.com\/web\/wp-json\/wp\/v2\/pages"}],"about":[{"href":"https:\/\/elpicudonegro.com\/web\/wp-json\/wp\/v2\/types\/page"}],"author":[{"embeddable":true,"href":"https:\/\/elpicudonegro.com\/web\/wp-json\/wp\/v2\/users\/1"}],"replies":[{"embeddable":true,"href":"https:\/\/elpicudonegro.com\/web\/wp-json\/wp\/v2\/comments?post=128"}],"version-history":[{"count":39,"href":"https:\/\/elpicudonegro.com\/web\/wp-json\/wp\/v2\/pages\/128\/revisions"}],"predecessor-version":[{"id":659,"href":"https:\/\/elpicudonegro.com\/web\/wp-json\/wp\/v2\/pages\/128\/revisions\/659"}],"wp:attachment":[{"href":"https:\/\/elpicudonegro.com\/web\/wp-json\/wp\/v2\/media?parent=128"}],"curies":[{"name":"wp","href":"https:\/\/api.w.org\/{rel}","templated":true}]}}