{"id":263,"date":"2016-03-15T17:42:00","date_gmt":"2016-03-15T17:42:00","guid":{"rendered":"http:\/\/elpicudonegro.com\/web\/?page_id=263"},"modified":"2016-04-10T16:17:40","modified_gmt":"2016-04-10T16:17:40","slug":"lucha-integrada-plaga","status":"publish","type":"page","link":"https:\/\/elpicudonegro.com\/web\/lucha-integrada-plaga\/","title":{"rendered":"DESARROLLO DE LA LUCHA INTEGRADA"},"content":{"rendered":"<p style=\"text-align: justify;\">Se exponen a continuaci\u00f3n,\u00a0algunos\u00a0aspectos de las posibles\u00a0estrategias a seguir para controlar la plaga del\u00a0escarabajo picudo negro.<\/p>\n<p style=\"text-align: justify;\">El concepto de<strong> LUCHA INTEGRADA <\/strong>formulado\u00a0por la OILB (Organizaci\u00f3n Internacional de Lucha Biol\u00f3gica) dice:<strong>\u00a0<\/strong><em>\u00abLa lucha integrada es un m\u00e9todo de control de plagas que aplica un conjunto de m\u00e9todos satisfactorios desde el punto de vista econ\u00f3mico, ecol\u00f3gico y toxicol\u00f3gico, dando prioridad al empleo de elementos naturales de regulaci\u00f3n y respetando los umbrales de tolerancia\u00bb<\/em>.<\/p>\n<p style=\"text-align: justify;\">Como dec\u00edamos en la p\u00e1gina de inicio , es fundamental el apoyo de las diferentes <strong>Administraciones<\/strong> en el problema, desde este sitio\u00a0intentaremos aunar esfuerzos y sumar a profanos y expertos en esta batalla contra nuestro peque\u00f1o y eficaz enemigo<\/p>\n<figure id=\"attachment_153\" aria-describedby=\"caption-attachment-153\" style=\"width: 294px\" class=\"wp-caption aligncenter\"><img data-recalc-dims=\"1\" loading=\"lazy\" decoding=\"async\" data-attachment-id=\"153\" data-permalink=\"https:\/\/elpicudonegro.com\/web\/mapa-plaga-almeria\/antigua-3\/\" data-orig-file=\"https:\/\/i0.wp.com\/elpicudonegro.com\/web\/wp-content\/uploads\/2016\/02\/antigua-3-2.jpg?fit=802%2C960&amp;ssl=1\" data-orig-size=\"802,960\" data-comments-opened=\"1\" data-image-meta=\"{&quot;aperture&quot;:&quot;0&quot;,&quot;credit&quot;:&quot;&quot;,&quot;camera&quot;:&quot;&quot;,&quot;caption&quot;:&quot;&quot;,&quot;created_timestamp&quot;:&quot;0&quot;,&quot;copyright&quot;:&quot;&quot;,&quot;focal_length&quot;:&quot;0&quot;,&quot;iso&quot;:&quot;0&quot;,&quot;shutter_speed&quot;:&quot;0&quot;,&quot;title&quot;:&quot;&quot;,&quot;orientation&quot;:&quot;0&quot;}\" data-image-title=\"antigua 3\" data-image-description=\"\" data-image-caption=\"\" data-large-file=\"https:\/\/i0.wp.com\/elpicudonegro.com\/web\/wp-content\/uploads\/2016\/02\/antigua-3-2.jpg?fit=474%2C567&amp;ssl=1\" class=\"wp-image-153\" src=\"https:\/\/i0.wp.com\/elpicudonegro.com\/web\/wp-content\/uploads\/2016\/02\/antigua-3-2.jpg?resize=294%2C352\" alt=\"antigua 3\" width=\"294\" height=\"352\" srcset=\"https:\/\/i0.wp.com\/elpicudonegro.com\/web\/wp-content\/uploads\/2016\/02\/antigua-3-2.jpg?resize=251%2C300&amp;ssl=1 251w, https:\/\/i0.wp.com\/elpicudonegro.com\/web\/wp-content\/uploads\/2016\/02\/antigua-3-2.jpg?resize=768%2C919&amp;ssl=1 768w, https:\/\/i0.wp.com\/elpicudonegro.com\/web\/wp-content\/uploads\/2016\/02\/antigua-3-2.jpg?w=802&amp;ssl=1 802w\" sizes=\"auto, (max-width: 294px) 100vw, 294px\" \/><figcaption id=\"caption-attachment-153\" class=\"wp-caption-text\">Antigua imagen de Almer\u00eda, comienzos del siglo XX<\/figcaption><\/figure>\n<p style=\"text-align: justify;\"><strong>TRATAMIENTOS\u00a0CULTURALES.-\u00a0<\/strong><span style=\"line-height: 1.5;\">Es necesario que al detectar plantas con pudrici\u00f3n del cogollo, que\u00a0son altamente atractivas para los picudos adultos, las <strong>eliminemos<\/strong>\u00a0cuanto antes, ser\u00e1\u00a0una medida fitosanitaria muy importante para reducir las poblaciones del picudo del agave. <\/span><\/p>\n<p style=\"text-align: justify;\">Se ha mencionado que la mejor forma de abatir las poblaciones del picudo <em>S. acupunctatus <\/em>es mediante medidas sanitarias, como <em>la destrucci\u00f3n de sitios de reproducci\u00f3n tales como plantas senescentes y tallos con pudrici\u00f3n; esto es, erradicar focos infectados. La eliminaci\u00f3n de plantas muy atacadas, las podas y su\u00a0extracci\u00f3n, son factores que hay que considerar para reducir el\u00a0contagio<\/em>\u00a0(Sol\u00eds, 2001).<\/p>\n<p style=\"text-align: justify;\">Quiz\u00e1s por tanto este <strong>control cultural<\/strong>\u00a0sea el primer y m\u00e1s importante trabajo que se debe planificar.<\/p>\n<p style=\"text-align: justify;\"><strong>TRAMPEO CON FEROMONAS.- <\/strong>Las feromonas\u00a0son un compuesto o mezcla de compuestos vol\u00e1tiles que estimulan en un insecto una respuesta de orientaci\u00f3n y locomoci\u00f3n a la fuente del atrayente (Renou &amp; Guerrero 2000). \u00a0El uso de atrayentes naturales de insectos, representa una herramienta valiosa en el control biol\u00f3gico de plagas y d\u00eda a d\u00eda su uso se difunde m\u00e1s, debido a las ventajas que presenta, entre las cuales podemos mencionar su <strong>inocuidad ecol\u00f3gica<\/strong>, debido a su alta especificidad, la cual evita la posibilidad de matar insectos ben\u00e9ficos, su <strong>elevada eficiencia<\/strong> que permite el uso del atrayente en peque\u00f1as cantidades, ya que los insectos los detectan en niveles cercanos a los moleculares, adem\u00e1s de que <strong>no crean resistencia<\/strong>, ni producen el tipo de contaminaci\u00f3n ambiental que genera el uso inadecuado de insecticidas qu\u00edmicos.<\/p>\n<p style=\"text-align: justify;\">El uso de atrayentes naturales representa una alternativa en el control de esta plaga, ya que el uso de insecticidas comunes no es adecuado. Debido por un lado a que por la profundidad en la que se aloja el insecto adulto y las larvas, no llegar\u00eda a tener efecto y por otro\u00a0no son una buena soluci\u00f3n a largo plazo adem\u00e1s debemos tener en cuenta el <a href=\"https:\/\/drive.google.com\/file\/d\/0B15yqfx2adsiNzRReVVQWlFjUTQ\/view?usp=sharing\" target=\"_blank\">Registro\u00a0de Productos Fitosanitarios.<\/a><\/p>\n<figure id=\"attachment_312\" aria-describedby=\"caption-attachment-312\" style=\"width: 422px\" class=\"wp-caption aligncenter\"><img data-recalc-dims=\"1\" loading=\"lazy\" decoding=\"async\" data-attachment-id=\"312\" data-permalink=\"https:\/\/elpicudonegro.com\/web\/lucha-integrada-plaga\/trampa-picudo-del-platano-canarias\/\" data-orig-file=\"https:\/\/i0.wp.com\/elpicudonegro.com\/web\/wp-content\/uploads\/2016\/03\/TRAMPA-picudo-DEL-platano-CANARIAS.jpg?fit=2327%2C855&amp;ssl=1\" data-orig-size=\"2327,855\" data-comments-opened=\"1\" data-image-meta=\"{&quot;aperture&quot;:&quot;0&quot;,&quot;credit&quot;:&quot;&quot;,&quot;camera&quot;:&quot;&quot;,&quot;caption&quot;:&quot;&quot;,&quot;created_timestamp&quot;:&quot;0&quot;,&quot;copyright&quot;:&quot;&quot;,&quot;focal_length&quot;:&quot;0&quot;,&quot;iso&quot;:&quot;0&quot;,&quot;shutter_speed&quot;:&quot;0&quot;,&quot;title&quot;:&quot;&quot;,&quot;orientation&quot;:&quot;0&quot;}\" data-image-title=\"TRAMPA picudo DEL platano CANARIAS\" data-image-description=\"\" data-image-caption=\"&lt;p&gt;modelo de TRAMPA con feromona para picudo negro del pl\u00e1tano&lt;\/p&gt;\n\" data-large-file=\"https:\/\/i0.wp.com\/elpicudonegro.com\/web\/wp-content\/uploads\/2016\/03\/TRAMPA-picudo-DEL-platano-CANARIAS.jpg?fit=474%2C174&amp;ssl=1\" class=\" wp-image-312\" src=\"https:\/\/i0.wp.com\/elpicudonegro.com\/web\/wp-content\/uploads\/2016\/03\/TRAMPA-picudo-DEL-platano-CANARIAS.jpg?resize=422%2C155\" alt=\"modelo de TRAMPA con feromona para picudo negro del pl\u00e1tano\" width=\"422\" height=\"155\" srcset=\"https:\/\/i0.wp.com\/elpicudonegro.com\/web\/wp-content\/uploads\/2016\/03\/TRAMPA-picudo-DEL-platano-CANARIAS.jpg?resize=300%2C110&amp;ssl=1 300w, https:\/\/i0.wp.com\/elpicudonegro.com\/web\/wp-content\/uploads\/2016\/03\/TRAMPA-picudo-DEL-platano-CANARIAS.jpg?resize=768%2C282&amp;ssl=1 768w, https:\/\/i0.wp.com\/elpicudonegro.com\/web\/wp-content\/uploads\/2016\/03\/TRAMPA-picudo-DEL-platano-CANARIAS.jpg?resize=1024%2C376&amp;ssl=1 1024w, https:\/\/i0.wp.com\/elpicudonegro.com\/web\/wp-content\/uploads\/2016\/03\/TRAMPA-picudo-DEL-platano-CANARIAS.jpg?w=948 948w, https:\/\/i0.wp.com\/elpicudonegro.com\/web\/wp-content\/uploads\/2016\/03\/TRAMPA-picudo-DEL-platano-CANARIAS.jpg?w=1422 1422w\" sizes=\"auto, (max-width: 422px) 100vw, 422px\" \/><figcaption id=\"caption-attachment-312\" class=\"wp-caption-text\">modelo de TRAMPA con feromona para picudo negro del pl\u00e1tano<\/figcaption><\/figure>\n<p style=\"text-align: justify;\"><strong>LUCHA BIOLOGICA.-\u00a0<\/strong>La informaci\u00f3n sobre enemigos naturales de <em>S.acupunctatus <\/em>es escasa. Sin embargo, el\u00a0conocimiento sobre la presencia y actividad de los enemigos naturales de un insecto plaga es de gran\u00a0utilidad ya que permite establecer su potencial de uso como controladores biol\u00f3gicos y orientar las\u00a0pr\u00e1cticas de manejo agroecol\u00f3gico de las plagas.<\/p>\n<p style=\"text-align: justify;\">En las zonas de origen de este insecto, varios autores han descrito algunos enemigos naturales. Entre ellos, una avispilla\u00a0<em>Cyclaulacidea sp.<\/em>\u00a0(Hymenoptero, Braconidae) que se ha catalogado como parasitoide en pupas. Con relaci\u00f3n a los depredadores, se se\u00f1alan\u00a0los adultos de los cole\u00f3pteros \u00a0<em>Hololepta quadridentata<\/em>\u00a0y\u00a0<em>Phileurus valgus valgus<\/em>as\u00ed as\u00ed como las hormigas\u00a0<em>Odontomachus bauri<\/em>\u00a0y\u00a0<em>Ectatomma ruidum<\/em>\u00a0que son depredadores importantes de las larvas de\u00a0Picudo. Tambi\u00e9n se detect\u00f3 un\u00a0nem\u00e1todo entomopat\u00f3geno\u00a0<em>Heterorhabditis sp.<\/em>\u00a0y el hongo\u00a0<em>Beauveria bassiana<\/em>\u00a0infectando adultos (Vel\u00e1zquez\u00a0<em>et all.\u00a0<\/em>2006).<\/p>\n<figure id=\"attachment_307\" aria-describedby=\"caption-attachment-307\" style=\"width: 332px\" class=\"wp-caption aligncenter\"><img data-recalc-dims=\"1\" loading=\"lazy\" decoding=\"async\" data-attachment-id=\"307\" data-permalink=\"https:\/\/elpicudonegro.com\/web\/lucha-integrada-plaga\/enemigos-naturales-picudo-negro-venezuela-4\/\" data-orig-file=\"https:\/\/i0.wp.com\/elpicudonegro.com\/web\/wp-content\/uploads\/2016\/03\/enemigos-naturales-picudo-negro-VENEZUELA-4.jpg?fit=1996%2C1590&amp;ssl=1\" data-orig-size=\"1996,1590\" data-comments-opened=\"1\" data-image-meta=\"{&quot;aperture&quot;:&quot;0&quot;,&quot;credit&quot;:&quot;&quot;,&quot;camera&quot;:&quot;&quot;,&quot;caption&quot;:&quot;&quot;,&quot;created_timestamp&quot;:&quot;0&quot;,&quot;copyright&quot;:&quot;&quot;,&quot;focal_length&quot;:&quot;0&quot;,&quot;iso&quot;:&quot;0&quot;,&quot;shutter_speed&quot;:&quot;0&quot;,&quot;title&quot;:&quot;&quot;,&quot;orientation&quot;:&quot;0&quot;}\" data-image-title=\"enemigos naturales picudo negro VENEZUELA 4\" data-image-description=\"\" data-image-caption=\"\" data-large-file=\"https:\/\/i0.wp.com\/elpicudonegro.com\/web\/wp-content\/uploads\/2016\/03\/enemigos-naturales-picudo-negro-VENEZUELA-4.jpg?fit=474%2C378&amp;ssl=1\" class=\"wp-image-307\" src=\"https:\/\/i0.wp.com\/elpicudonegro.com\/web\/wp-content\/uploads\/2016\/03\/enemigos-naturales-picudo-negro-VENEZUELA-4.jpg?resize=332%2C264\" alt=\"enemigos naturales picudo negro VENEZUELA 4\" width=\"332\" height=\"264\" srcset=\"https:\/\/i0.wp.com\/elpicudonegro.com\/web\/wp-content\/uploads\/2016\/03\/enemigos-naturales-picudo-negro-VENEZUELA-4.jpg?resize=300%2C239&amp;ssl=1 300w, https:\/\/i0.wp.com\/elpicudonegro.com\/web\/wp-content\/uploads\/2016\/03\/enemigos-naturales-picudo-negro-VENEZUELA-4.jpg?resize=768%2C612&amp;ssl=1 768w, https:\/\/i0.wp.com\/elpicudonegro.com\/web\/wp-content\/uploads\/2016\/03\/enemigos-naturales-picudo-negro-VENEZUELA-4.jpg?resize=1024%2C816&amp;ssl=1 1024w, https:\/\/i0.wp.com\/elpicudonegro.com\/web\/wp-content\/uploads\/2016\/03\/enemigos-naturales-picudo-negro-VENEZUELA-4.jpg?w=1996&amp;ssl=1 1996w, https:\/\/i0.wp.com\/elpicudonegro.com\/web\/wp-content\/uploads\/2016\/03\/enemigos-naturales-picudo-negro-VENEZUELA-4.jpg?w=948 948w, https:\/\/i0.wp.com\/elpicudonegro.com\/web\/wp-content\/uploads\/2016\/03\/enemigos-naturales-picudo-negro-VENEZUELA-4.jpg?w=1422 1422w\" sizes=\"auto, (max-width: 332px) 100vw, 332px\" \/><figcaption id=\"caption-attachment-307\" class=\"wp-caption-text\">Ejemplo de enemigos naturales de picudo negro<\/figcaption><\/figure>\n<p style=\"text-align: justify;\">Es <strong>sumamente importante<\/strong> evaluar las posibles repercusiones que pueden ocasionar la introducci\u00f3n de especies ex\u00f3ticas, aunque sea con la finalidad de control biol\u00f3gico, en el resto de especies del entorno, ya que su actuaci\u00f3n no solo se ci\u00f1e sobre la plaga para la que se introduce, sino que causa un impacto sobre el nicho ecol\u00f3gico en el que se ubica. Por tanto si se realizasen estas acciones debieran estar absolutamente testadas.<\/p>\n<p style=\"text-align: justify;\">Se intuye que una linea de estudio\u00a0sea profundizar\u00a0en\u00a0las medidas\u00a0que se han utilizado\u00a0con una especie tan emparentada como el picudo rojo de las <strong>palmeras<\/strong> (Rhynchophorus ferrugineus) o con\u00a0otro\u00a0picudo negro el del\u00a0<strong>platano<\/strong> (Cosmopolites sordidus).<\/p>\n<p style=\"text-align: justify;\">Todas las aportaciones ser\u00e1n bienvenidas GRACIAS.<\/p>\n","protected":false},"excerpt":{"rendered":"<p>Se exponen a continuaci\u00f3n,\u00a0algunos\u00a0aspectos de las posibles\u00a0estrategias a seguir para controlar la plaga del\u00a0escarabajo picudo negro. El concepto de LUCHA INTEGRADA formulado\u00a0por la OILB (Organizaci\u00f3n Internacional de Lucha Biol\u00f3gica) dice:\u00a0\u00abLa lucha integrada es un m\u00e9todo de control de plagas que aplica un conjunto de m\u00e9todos satisfactorios desde el punto de vista econ\u00f3mico, ecol\u00f3gico y toxicol\u00f3gico, &hellip; <a href=\"https:\/\/elpicudonegro.com\/web\/lucha-integrada-plaga\/\" class=\"more-link\">Seguir leyendo <span class=\"screen-reader-text\">DESARROLLO DE LA LUCHA INTEGRADA<\/span> <span class=\"meta-nav\">&rarr;<\/span><\/a><\/p>\n","protected":false},"author":1,"featured_media":0,"parent":0,"menu_order":0,"comment_status":"closed","ping_status":"closed","template":"","meta":{"jetpack_post_was_ever_published":false,"footnotes":""},"class_list":["post-263","page","type-page","status-publish","hentry"],"yoast_head":"<!-- This site is optimized with the Yoast SEO plugin v27.4 - https:\/\/yoast.com\/product\/yoast-seo-wordpress\/ -->\n<title>DESARROLLO DE LA LUCHA INTEGRADA - EL PICUDO NEGRO<\/title>\n<meta name=\"description\" content=\"LUCHA INTEGRADA formulado por la Organizaci\u00f3n Internacional de Lucha Biol\u00f3gica dice: &quot; es un m\u00e9todo de control de plagas que aplica un conjunto de m\u00e9todos\" \/>\n<meta name=\"robots\" content=\"index, follow, max-snippet:-1, max-image-preview:large, max-video-preview:-1\" \/>\n<link rel=\"canonical\" href=\"https:\/\/elpicudonegro.com\/web\/lucha-integrada-plaga\/\" \/>\n<meta property=\"og:locale\" content=\"es_ES\" \/>\n<meta property=\"og:type\" content=\"article\" \/>\n<meta property=\"og:title\" content=\"DESARROLLO DE LA LUCHA INTEGRADA - EL PICUDO NEGRO\" \/>\n<meta property=\"og:description\" content=\"LUCHA INTEGRADA formulado por la Organizaci\u00f3n Internacional de Lucha Biol\u00f3gica dice: &quot; es un m\u00e9todo de control de plagas que aplica un conjunto de m\u00e9todos\" \/>\n<meta property=\"og:url\" content=\"https:\/\/elpicudonegro.com\/web\/lucha-integrada-plaga\/\" \/>\n<meta property=\"og:site_name\" content=\"EL PICUDO NEGRO\" \/>\n<meta property=\"article:modified_time\" content=\"2016-04-10T16:17:40+00:00\" \/>\n<meta property=\"og:image\" content=\"http:\/\/elpicudonegro.com\/web\/wp-content\/uploads\/2016\/02\/antigua-3-2-251x300.jpg\" \/>\n<meta name=\"twitter:card\" content=\"summary_large_image\" \/>\n<meta name=\"twitter:label1\" content=\"Tiempo de lectura\" \/>\n\t<meta name=\"twitter:data1\" content=\"4 minutos\" \/>\n<script type=\"application\/ld+json\" class=\"yoast-schema-graph\">{\"@context\":\"https:\\\/\\\/schema.org\",\"@graph\":[{\"@type\":\"WebPage\",\"@id\":\"https:\\\/\\\/elpicudonegro.com\\\/web\\\/lucha-integrada-plaga\\\/\",\"url\":\"https:\\\/\\\/elpicudonegro.com\\\/web\\\/lucha-integrada-plaga\\\/\",\"name\":\"DESARROLLO DE LA LUCHA INTEGRADA - EL PICUDO NEGRO\",\"isPartOf\":{\"@id\":\"https:\\\/\\\/elpicudonegro.com\\\/web\\\/#website\"},\"primaryImageOfPage\":{\"@id\":\"https:\\\/\\\/elpicudonegro.com\\\/web\\\/lucha-integrada-plaga\\\/#primaryimage\"},\"image\":{\"@id\":\"https:\\\/\\\/elpicudonegro.com\\\/web\\\/lucha-integrada-plaga\\\/#primaryimage\"},\"thumbnailUrl\":\"http:\\\/\\\/elpicudonegro.com\\\/web\\\/wp-content\\\/uploads\\\/2016\\\/02\\\/antigua-3-2-251x300.jpg\",\"datePublished\":\"2016-03-15T17:42:00+00:00\",\"dateModified\":\"2016-04-10T16:17:40+00:00\",\"description\":\"LUCHA INTEGRADA formulado por la Organizaci\u00f3n Internacional de Lucha Biol\u00f3gica dice: \\\" es un m\u00e9todo de control de plagas que aplica un conjunto de m\u00e9todos\",\"breadcrumb\":{\"@id\":\"https:\\\/\\\/elpicudonegro.com\\\/web\\\/lucha-integrada-plaga\\\/#breadcrumb\"},\"inLanguage\":\"es\",\"potentialAction\":[{\"@type\":\"ReadAction\",\"target\":[\"https:\\\/\\\/elpicudonegro.com\\\/web\\\/lucha-integrada-plaga\\\/\"]}]},{\"@type\":\"ImageObject\",\"inLanguage\":\"es\",\"@id\":\"https:\\\/\\\/elpicudonegro.com\\\/web\\\/lucha-integrada-plaga\\\/#primaryimage\",\"url\":\"https:\\\/\\\/i0.wp.com\\\/elpicudonegro.com\\\/web\\\/wp-content\\\/uploads\\\/2016\\\/02\\\/antigua-3-2.jpg?fit=802%2C960&ssl=1\",\"contentUrl\":\"https:\\\/\\\/i0.wp.com\\\/elpicudonegro.com\\\/web\\\/wp-content\\\/uploads\\\/2016\\\/02\\\/antigua-3-2.jpg?fit=802%2C960&ssl=1\",\"width\":802,\"height\":960},{\"@type\":\"BreadcrumbList\",\"@id\":\"https:\\\/\\\/elpicudonegro.com\\\/web\\\/lucha-integrada-plaga\\\/#breadcrumb\",\"itemListElement\":[{\"@type\":\"ListItem\",\"position\":1,\"name\":\"Portada\",\"item\":\"https:\\\/\\\/elpicudonegro.com\\\/web\\\/\"},{\"@type\":\"ListItem\",\"position\":2,\"name\":\"DESARROLLO DE LA LUCHA INTEGRADA\"}]},{\"@type\":\"WebSite\",\"@id\":\"https:\\\/\\\/elpicudonegro.com\\\/web\\\/#website\",\"url\":\"https:\\\/\\\/elpicudonegro.com\\\/web\\\/\",\"name\":\"EL PICUDO NEGRO\",\"description\":\"Control de la plaga de picudo negro en las pitas de Almeria\",\"potentialAction\":[{\"@type\":\"SearchAction\",\"target\":{\"@type\":\"EntryPoint\",\"urlTemplate\":\"https:\\\/\\\/elpicudonegro.com\\\/web\\\/?s={search_term_string}\"},\"query-input\":{\"@type\":\"PropertyValueSpecification\",\"valueRequired\":true,\"valueName\":\"search_term_string\"}}],\"inLanguage\":\"es\"}]}<\/script>\n<!-- \/ Yoast SEO plugin. -->","yoast_head_json":{"title":"DESARROLLO DE LA LUCHA INTEGRADA - EL PICUDO NEGRO","description":"LUCHA INTEGRADA formulado por la Organizaci\u00f3n Internacional de Lucha Biol\u00f3gica dice: \" es un m\u00e9todo de control de plagas que aplica un conjunto de m\u00e9todos","robots":{"index":"index","follow":"follow","max-snippet":"max-snippet:-1","max-image-preview":"max-image-preview:large","max-video-preview":"max-video-preview:-1"},"canonical":"https:\/\/elpicudonegro.com\/web\/lucha-integrada-plaga\/","og_locale":"es_ES","og_type":"article","og_title":"DESARROLLO DE LA LUCHA INTEGRADA - EL PICUDO NEGRO","og_description":"LUCHA INTEGRADA formulado por la Organizaci\u00f3n Internacional de Lucha Biol\u00f3gica dice: \" es un m\u00e9todo de control de plagas que aplica un conjunto de m\u00e9todos","og_url":"https:\/\/elpicudonegro.com\/web\/lucha-integrada-plaga\/","og_site_name":"EL PICUDO NEGRO","article_modified_time":"2016-04-10T16:17:40+00:00","og_image":[{"url":"http:\/\/elpicudonegro.com\/web\/wp-content\/uploads\/2016\/02\/antigua-3-2-251x300.jpg","type":"","width":"","height":""}],"twitter_card":"summary_large_image","twitter_misc":{"Tiempo de lectura":"4 minutos"},"schema":{"@context":"https:\/\/schema.org","@graph":[{"@type":"WebPage","@id":"https:\/\/elpicudonegro.com\/web\/lucha-integrada-plaga\/","url":"https:\/\/elpicudonegro.com\/web\/lucha-integrada-plaga\/","name":"DESARROLLO DE LA LUCHA INTEGRADA - EL PICUDO NEGRO","isPartOf":{"@id":"https:\/\/elpicudonegro.com\/web\/#website"},"primaryImageOfPage":{"@id":"https:\/\/elpicudonegro.com\/web\/lucha-integrada-plaga\/#primaryimage"},"image":{"@id":"https:\/\/elpicudonegro.com\/web\/lucha-integrada-plaga\/#primaryimage"},"thumbnailUrl":"http:\/\/elpicudonegro.com\/web\/wp-content\/uploads\/2016\/02\/antigua-3-2-251x300.jpg","datePublished":"2016-03-15T17:42:00+00:00","dateModified":"2016-04-10T16:17:40+00:00","description":"LUCHA INTEGRADA formulado por la Organizaci\u00f3n Internacional de Lucha Biol\u00f3gica dice: \" es un m\u00e9todo de control de plagas que aplica un conjunto de m\u00e9todos","breadcrumb":{"@id":"https:\/\/elpicudonegro.com\/web\/lucha-integrada-plaga\/#breadcrumb"},"inLanguage":"es","potentialAction":[{"@type":"ReadAction","target":["https:\/\/elpicudonegro.com\/web\/lucha-integrada-plaga\/"]}]},{"@type":"ImageObject","inLanguage":"es","@id":"https:\/\/elpicudonegro.com\/web\/lucha-integrada-plaga\/#primaryimage","url":"https:\/\/i0.wp.com\/elpicudonegro.com\/web\/wp-content\/uploads\/2016\/02\/antigua-3-2.jpg?fit=802%2C960&ssl=1","contentUrl":"https:\/\/i0.wp.com\/elpicudonegro.com\/web\/wp-content\/uploads\/2016\/02\/antigua-3-2.jpg?fit=802%2C960&ssl=1","width":802,"height":960},{"@type":"BreadcrumbList","@id":"https:\/\/elpicudonegro.com\/web\/lucha-integrada-plaga\/#breadcrumb","itemListElement":[{"@type":"ListItem","position":1,"name":"Portada","item":"https:\/\/elpicudonegro.com\/web\/"},{"@type":"ListItem","position":2,"name":"DESARROLLO DE LA LUCHA INTEGRADA"}]},{"@type":"WebSite","@id":"https:\/\/elpicudonegro.com\/web\/#website","url":"https:\/\/elpicudonegro.com\/web\/","name":"EL PICUDO NEGRO","description":"Control de la plaga de picudo negro en las pitas de Almeria","potentialAction":[{"@type":"SearchAction","target":{"@type":"EntryPoint","urlTemplate":"https:\/\/elpicudonegro.com\/web\/?s={search_term_string}"},"query-input":{"@type":"PropertyValueSpecification","valueRequired":true,"valueName":"search_term_string"}}],"inLanguage":"es"}]}},"jetpack_sharing_enabled":true,"jetpack_shortlink":"https:\/\/wp.me\/P7lxPt-4f","jetpack-related-posts":[],"_links":{"self":[{"href":"https:\/\/elpicudonegro.com\/web\/wp-json\/wp\/v2\/pages\/263","targetHints":{"allow":["GET"]}}],"collection":[{"href":"https:\/\/elpicudonegro.com\/web\/wp-json\/wp\/v2\/pages"}],"about":[{"href":"https:\/\/elpicudonegro.com\/web\/wp-json\/wp\/v2\/types\/page"}],"author":[{"embeddable":true,"href":"https:\/\/elpicudonegro.com\/web\/wp-json\/wp\/v2\/users\/1"}],"replies":[{"embeddable":true,"href":"https:\/\/elpicudonegro.com\/web\/wp-json\/wp\/v2\/comments?post=263"}],"version-history":[{"count":25,"href":"https:\/\/elpicudonegro.com\/web\/wp-json\/wp\/v2\/pages\/263\/revisions"}],"predecessor-version":[{"id":564,"href":"https:\/\/elpicudonegro.com\/web\/wp-json\/wp\/v2\/pages\/263\/revisions\/564"}],"wp:attachment":[{"href":"https:\/\/elpicudonegro.com\/web\/wp-json\/wp\/v2\/media?parent=263"}],"curies":[{"name":"wp","href":"https:\/\/api.w.org\/{rel}","templated":true}]}}