{"id":427,"date":"2016-03-27T15:32:45","date_gmt":"2016-03-27T15:32:45","guid":{"rendered":"http:\/\/elpicudonegro.com\/web\/?page_id=427"},"modified":"2016-12-17T18:10:56","modified_gmt":"2016-12-17T18:10:56","slug":"manual-buenas-practicas-picudo-negro","status":"publish","type":"page","link":"https:\/\/elpicudonegro.com\/web\/manual-buenas-practicas-picudo-negro\/","title":{"rendered":"Manual de Buenas Pr\u00e1cticas"},"content":{"rendered":"<p>Hola a tod@s<\/p>\n<p>En esta secci\u00f3n vamos a informar, mediante este manual de buenas pr\u00e1cticas,\u00a0 sobre los pasos a seguir cuando nos encontremos con nuestro peque\u00f1o enemigo el PICUDO NEGRO.<\/p>\n<p style=\"text-align: justify;\">1.- Llevaremos a cabo una labor ciudadana de <strong><a href=\"http:\/\/elpicudonegro.com\/web\/mapa-plaga-almeria\/\" target=\"_blank\">geolocalizaci\u00f3n<\/a><\/strong> de puntos con presencia de picudo negro (sobre cualquier especie vegetal y\/o cualquier individuo deambulante localizado de manera aislada).<\/p>\n<p style=\"text-align: justify;\">Es indispensable la implicaci\u00f3n de la poblaci\u00f3n para realizar un mapa exhaustivo, por favor \u00a1PARTICIPA!. Enlace a las <strong><a href=\"http:\/\/elpicudonegro.com\/web\/instrucciones-para-meter-datos-en-el-mapa\/\" target=\"_blank\">instrucciones para incluir datos en el<\/a><a href=\"http:\/\/elpicudonegro.com\/web\/instrucciones-para-meter-datos-en-el-mapa\/\" target=\"_blank\"> mapa<\/a>.<\/strong> De este modo conseguiremos tener al d\u00eda la distribuci\u00f3n del picudo, podremos platear medidas tempranas de control, plantear hip\u00f3tesis documentadas sobre el enigma de su dispersi\u00f3n, y crear planos de distribuci\u00f3n din\u00e1mica en funci\u00f3n a las fechas de detecci\u00f3n. Esta informaci\u00f3n es <strong>valios\u00edsima<\/strong> para poder predecir la evoluci\u00f3n del picudo en el futuro.<\/p>\n<figure id=\"attachment_917\" aria-describedby=\"caption-attachment-917\" style=\"width: 341px\" class=\"wp-caption aligncenter\"><img data-recalc-dims=\"1\" loading=\"lazy\" decoding=\"async\" data-attachment-id=\"917\" data-permalink=\"https:\/\/elpicudonegro.com\/web\/manual-buenas-practicas-picudo-negro\/larvas-de-picudo-negro\/\" data-orig-file=\"https:\/\/i0.wp.com\/elpicudonegro.com\/web\/wp-content\/uploads\/2016\/03\/larvas-de-picudo-negro.jpg?fit=3072%2C1728&amp;ssl=1\" data-orig-size=\"3072,1728\" data-comments-opened=\"1\" data-image-meta=\"{&quot;aperture&quot;:&quot;0&quot;,&quot;credit&quot;:&quot;&quot;,&quot;camera&quot;:&quot;&quot;,&quot;caption&quot;:&quot;&quot;,&quot;created_timestamp&quot;:&quot;0&quot;,&quot;copyright&quot;:&quot;&quot;,&quot;focal_length&quot;:&quot;0&quot;,&quot;iso&quot;:&quot;0&quot;,&quot;shutter_speed&quot;:&quot;0&quot;,&quot;title&quot;:&quot;&quot;,&quot;orientation&quot;:&quot;0&quot;}\" data-image-title=\"larvas de picudo negro\" data-image-description=\"&lt;p&gt;Larvas de picudo negro y galerias en el interor de Agave americana&lt;\/p&gt;\n\" data-image-caption=\"\" data-large-file=\"https:\/\/i0.wp.com\/elpicudonegro.com\/web\/wp-content\/uploads\/2016\/03\/larvas-de-picudo-negro.jpg?fit=474%2C267&amp;ssl=1\" class=\"wp-image-917 \" src=\"https:\/\/i0.wp.com\/elpicudonegro.com\/web\/wp-content\/uploads\/2016\/03\/larvas-de-picudo-negro.jpg?resize=341%2C192\" width=\"341\" height=\"192\" srcset=\"https:\/\/i0.wp.com\/elpicudonegro.com\/web\/wp-content\/uploads\/2016\/03\/larvas-de-picudo-negro.jpg?resize=300%2C169&amp;ssl=1 300w, https:\/\/i0.wp.com\/elpicudonegro.com\/web\/wp-content\/uploads\/2016\/03\/larvas-de-picudo-negro.jpg?resize=768%2C432&amp;ssl=1 768w, https:\/\/i0.wp.com\/elpicudonegro.com\/web\/wp-content\/uploads\/2016\/03\/larvas-de-picudo-negro.jpg?resize=1024%2C576&amp;ssl=1 1024w, https:\/\/i0.wp.com\/elpicudonegro.com\/web\/wp-content\/uploads\/2016\/03\/larvas-de-picudo-negro.jpg?w=948 948w, https:\/\/i0.wp.com\/elpicudonegro.com\/web\/wp-content\/uploads\/2016\/03\/larvas-de-picudo-negro.jpg?w=1422 1422w\" sizes=\"auto, (max-width: 341px) 100vw, 341px\" \/><figcaption id=\"caption-attachment-917\" class=\"wp-caption-text\">Larvas de picudo negro y galer\u00edas en el interior de Agave americana<\/figcaption><\/figure>\n<p style=\"text-align: justify;\"><strong>2.- Labores culturales de eliminaci\u00f3n<\/strong> (mec\u00e1nica) de material vegetal infestado. Es decir, retirada de las PITAS\u00a0AFECTADAS, esta tarea es bastante dura y fatigosa si se realiza a mano. Es FUNDAMENTAL\u00a0la eliminaci\u00f3n de los restos extraidos, no <strong>dispersemos<\/strong>\u00a0 m\u00e1s la plaga.<\/p>\n<p style=\"text-align: justify;\">A nivel municipal o comarcal, pensamos que se podr\u00eda poner\u00a0en marcha un servicio \u00e1gil y eficaz.para la TRITURACI\u00d3N\u00a0de los restos incluyendo por supuesto la <strong>roseta basal<\/strong> (el cogollo) donde se encuentran las larvas. Tendremos que recoger los restos generados en un <strong>contenedor estanco<\/strong>, claro est\u00e1 que su\u00a0tama\u00f1o depender\u00e1 de la cantidad de pitas trituradas. O bien recuperar los restos en una\u00a0camioneta, para su transporte a <strong>planta de compostaje<\/strong>. Todo esto no es sencillo, sin duda, y estamos articulando mecanismos para facilitar estas labores tan penosas para un peque\u00f1o propietario.<\/p>\n<p style=\"text-align: justify;\"><strong>Enterrar<\/strong> los residuos puede ser otra opci\u00f3n, si contamos con un lugar adecuado para ello, donde poder hacer un hoyo con la suficiente profundidad. Ambas tareas requieren de la colaboraci\u00f3n mutua entre vecinos y si fuera posible con el municipio correspondiente.<\/p>\n<p style=\"text-align: justify;\"><span style=\"text-decoration: underline;\">AVISO PRL<\/span> (prevenci\u00f3n de riesgos laborales): Estos trabajos deben desarrollarse con las\u00a0<strong>medidas de seguridad<\/strong> adecuadas, los EPIs correspondientes etc. El mucr\u00f3n (pincho) de una pita nos salta un ojo por menos de nada.<\/p>\n<figure id=\"attachment_607\" aria-describedby=\"caption-attachment-607\" style=\"width: 324px\" class=\"wp-caption aligncenter\"><img data-recalc-dims=\"1\" loading=\"lazy\" decoding=\"async\" data-attachment-id=\"607\" data-permalink=\"https:\/\/elpicudonegro.com\/web\/manual-buenas-practicas-picudo-negro\/trituracion-palmeras\/\" data-orig-file=\"https:\/\/i0.wp.com\/elpicudonegro.com\/web\/wp-content\/uploads\/2016\/03\/trituracion-palmeras.jpg?fit=323%2C259&amp;ssl=1\" data-orig-size=\"323,259\" data-comments-opened=\"1\" data-image-meta=\"{&quot;aperture&quot;:&quot;0&quot;,&quot;credit&quot;:&quot;&quot;,&quot;camera&quot;:&quot;&quot;,&quot;caption&quot;:&quot;&quot;,&quot;created_timestamp&quot;:&quot;0&quot;,&quot;copyright&quot;:&quot;&quot;,&quot;focal_length&quot;:&quot;0&quot;,&quot;iso&quot;:&quot;0&quot;,&quot;shutter_speed&quot;:&quot;0&quot;,&quot;title&quot;:&quot;&quot;,&quot;orientation&quot;:&quot;0&quot;}\" data-image-title=\"trituracion palmeras\" data-image-description=\"\" data-image-caption=\"&lt;p&gt;Triturando palmeras afectadas de picudo rojo&lt;\/p&gt;\n\" data-large-file=\"https:\/\/i0.wp.com\/elpicudonegro.com\/web\/wp-content\/uploads\/2016\/03\/trituracion-palmeras.jpg?fit=323%2C259&amp;ssl=1\" class=\"wp-image-607\" src=\"https:\/\/i0.wp.com\/elpicudonegro.com\/web\/wp-content\/uploads\/2016\/03\/trituracion-palmeras.jpg?resize=324%2C260\" alt=\"Triturando palmeras afectadas de picudo rojo\" width=\"324\" height=\"260\" srcset=\"https:\/\/i0.wp.com\/elpicudonegro.com\/web\/wp-content\/uploads\/2016\/03\/trituracion-palmeras.jpg?resize=300%2C241&amp;ssl=1 300w, https:\/\/i0.wp.com\/elpicudonegro.com\/web\/wp-content\/uploads\/2016\/03\/trituracion-palmeras.jpg?w=323&amp;ssl=1 323w\" sizes=\"auto, (max-width: 324px) 100vw, 324px\" \/><figcaption id=\"caption-attachment-607\" class=\"wp-caption-text\">Triturando palmeras afectadas de picudo rojo<\/figcaption><\/figure>\n<p style=\"text-align: justify;\"><strong>3.- TRAMPEO CON FEROMONA<\/strong>. \u00a0Usaremos trampas de <strong>feromona<\/strong>, para conseguir disminuir la poblaci\u00f3n del picudo en aquellos lugares donde ya se ha detectado y aunque la feromona en s\u00ed tendremos que adquirirla en una empresa especializada, la trampa tenemos la opci\u00f3n de fabricarla nosotros mismos. De todas formas, si no se colocan muchas trampas se recomienda adquirirlas, son muy baratas, en alguna de las empresas del sector donde hay diversos tipos que pueden ser v\u00e1lidas.<\/p>\n<p style=\"text-align: justify;\">Debemos\u00a0evitar cierta problem\u00e1tica colateral, y\u00a0extremar las precauciones minimizando\u00a0la afecci\u00f3n al resto de entomofauna y a los peque\u00f1os reptiles y micromam\u00edferos de la zona.<\/p>\n<figure id=\"attachment_610\" aria-describedby=\"caption-attachment-610\" style=\"width: 337px\" class=\"wp-caption aligncenter\"><img data-recalc-dims=\"1\" loading=\"lazy\" decoding=\"async\" data-attachment-id=\"610\" data-permalink=\"https:\/\/elpicudonegro.com\/web\/manual-buenas-practicas-picudo-negro\/trampa-para-capturar-picudo-negro\/\" data-orig-file=\"https:\/\/i0.wp.com\/elpicudonegro.com\/web\/wp-content\/uploads\/2016\/03\/Trampa-para-capturar-picudo-negro.jpg?fit=1600%2C1200&amp;ssl=1\" data-orig-size=\"1600,1200\" data-comments-opened=\"1\" data-image-meta=\"{&quot;aperture&quot;:&quot;0&quot;,&quot;credit&quot;:&quot;&quot;,&quot;camera&quot;:&quot;&quot;,&quot;caption&quot;:&quot;&quot;,&quot;created_timestamp&quot;:&quot;0&quot;,&quot;copyright&quot;:&quot;&quot;,&quot;focal_length&quot;:&quot;0&quot;,&quot;iso&quot;:&quot;0&quot;,&quot;shutter_speed&quot;:&quot;0&quot;,&quot;title&quot;:&quot;&quot;,&quot;orientation&quot;:&quot;0&quot;}\" data-image-title=\"Trampa para capturar picudo negro\" data-image-description=\"\" data-image-caption=\"&lt;p&gt;Revisi\u00f3n de una trampa de feromona&lt;\/p&gt;\n\" data-large-file=\"https:\/\/i0.wp.com\/elpicudonegro.com\/web\/wp-content\/uploads\/2016\/03\/Trampa-para-capturar-picudo-negro.jpg?fit=474%2C356&amp;ssl=1\" class=\"wp-image-610\" src=\"https:\/\/i0.wp.com\/elpicudonegro.com\/web\/wp-content\/uploads\/2016\/03\/Trampa-para-capturar-picudo-negro.jpg?resize=337%2C253\" alt=\"Revisi\u00f3n de una trampa de feromona\" width=\"337\" height=\"253\" srcset=\"https:\/\/i0.wp.com\/elpicudonegro.com\/web\/wp-content\/uploads\/2016\/03\/Trampa-para-capturar-picudo-negro.jpg?resize=300%2C225&amp;ssl=1 300w, https:\/\/i0.wp.com\/elpicudonegro.com\/web\/wp-content\/uploads\/2016\/03\/Trampa-para-capturar-picudo-negro.jpg?resize=768%2C576&amp;ssl=1 768w, https:\/\/i0.wp.com\/elpicudonegro.com\/web\/wp-content\/uploads\/2016\/03\/Trampa-para-capturar-picudo-negro.jpg?resize=1024%2C768&amp;ssl=1 1024w, https:\/\/i0.wp.com\/elpicudonegro.com\/web\/wp-content\/uploads\/2016\/03\/Trampa-para-capturar-picudo-negro.jpg?w=1600&amp;ssl=1 1600w, https:\/\/i0.wp.com\/elpicudonegro.com\/web\/wp-content\/uploads\/2016\/03\/Trampa-para-capturar-picudo-negro.jpg?w=948 948w, https:\/\/i0.wp.com\/elpicudonegro.com\/web\/wp-content\/uploads\/2016\/03\/Trampa-para-capturar-picudo-negro.jpg?w=1422 1422w\" sizes=\"auto, (max-width: 337px) 100vw, 337px\" \/><figcaption id=\"caption-attachment-610\" class=\"wp-caption-text\">Revisi\u00f3n de una trampa de feromona<\/figcaption><\/figure>\n<p style=\"text-align: justify;\">4.- POR \u00daLTIMO, aparte de las recomendaciones anteriores estaremos en contacto con especialistas en el estudio y desarrollo de <strong>nuevas t\u00e9cnicas<\/strong>: fomento de la <strong>lucha biol\u00f3gica<\/strong>, y el uso puntual de <strong>insecticidas<\/strong> (con preferencia de los biol\u00f3gicos), y cualquier otra medida que sea factible aplicar.<\/p>\n<p style=\"text-align: justify;\">Actualmente se est\u00e1 utilizando el hongo entomopat\u00f3geno <em>Beauveria bassiana<\/em>, que parece presentar relativos buenos resultados frente al <strong>picudo rojo<\/strong> de la palmera, y que en \u00abteor\u00eda\u00bb parece ser prometedor con el picudo negro.<\/p>\n<p style=\"text-align: justify;\">De todo lo dicho hasta el momento, estamos en la <strong>edici\u00f3n de\u00a0V\u00cdDEOS<\/strong>\u00a0explicativos de divulgaci\u00f3n, para que observ\u00e9is un ejemplo de colocaci\u00f3n y recolecci\u00f3n de \u00a0trampas, de trituraci\u00f3n de restos etc.<\/p>\n<p style=\"text-align: justify;\">Y por supuesto, como se viene repitiendo en otras secciones de la web, nos ponemos a disposici\u00f3n de cualquier <strong>ente publico<\/strong> decidido a plantar cara al picudo negro.<\/p>\n<p style=\"text-align: justify;\">GRACIAS<\/p>\n","protected":false},"excerpt":{"rendered":"<p>Hola a tod@s En esta secci\u00f3n vamos a informar, mediante este manual de buenas pr\u00e1cticas,\u00a0 sobre los pasos a seguir cuando nos encontremos con nuestro peque\u00f1o enemigo el PICUDO NEGRO. 1.- Llevaremos a cabo una labor ciudadana de geolocalizaci\u00f3n de puntos con presencia de picudo negro (sobre cualquier especie vegetal y\/o cualquier individuo deambulante localizado &hellip; <a href=\"https:\/\/elpicudonegro.com\/web\/manual-buenas-practicas-picudo-negro\/\" class=\"more-link\">Seguir leyendo <span class=\"screen-reader-text\">Manual de Buenas Pr\u00e1cticas<\/span> <span class=\"meta-nav\">&rarr;<\/span><\/a><\/p>\n","protected":false},"author":1,"featured_media":0,"parent":0,"menu_order":0,"comment_status":"closed","ping_status":"closed","template":"","meta":{"jetpack_post_was_ever_published":false,"footnotes":""},"class_list":["post-427","page","type-page","status-publish","hentry"],"yoast_head":"<!-- This site is optimized with the Yoast SEO plugin v27.4 - https:\/\/yoast.com\/product\/yoast-seo-wordpress\/ -->\n<title>Manual buenas pr\u00e1cticas control del picudo negro<\/title>\n<meta name=\"description\" content=\"Manual de buenas pr\u00e1cticas para luchar contra la dispersion del PICUDO NEGRO. Localizaci\u00f3n, destrucci\u00f3n de plantas afectadas, trampeo con feromona y otros\" \/>\n<meta name=\"robots\" content=\"index, follow, max-snippet:-1, max-image-preview:large, max-video-preview:-1\" \/>\n<link rel=\"canonical\" href=\"https:\/\/elpicudonegro.com\/web\/manual-buenas-practicas-picudo-negro\/\" \/>\n<meta property=\"og:locale\" content=\"es_ES\" \/>\n<meta property=\"og:type\" content=\"article\" \/>\n<meta property=\"og:title\" content=\"Manual buenas pr\u00e1cticas control del picudo negro\" \/>\n<meta property=\"og:description\" content=\"Manual de buenas pr\u00e1cticas para luchar contra la dispersion del PICUDO NEGRO. Localizaci\u00f3n, destrucci\u00f3n de plantas afectadas, trampeo con feromona y otros\" \/>\n<meta property=\"og:url\" content=\"https:\/\/elpicudonegro.com\/web\/manual-buenas-practicas-picudo-negro\/\" \/>\n<meta property=\"og:site_name\" content=\"EL PICUDO NEGRO\" \/>\n<meta property=\"article:modified_time\" content=\"2016-12-17T18:10:56+00:00\" \/>\n<meta property=\"og:image\" content=\"http:\/\/elpicudonegro.com\/web\/wp-content\/uploads\/2016\/03\/larvas-de-picudo-negro-300x169.jpg\" \/>\n<meta name=\"twitter:card\" content=\"summary_large_image\" \/>\n<meta name=\"twitter:label1\" content=\"Tiempo de lectura\" \/>\n\t<meta name=\"twitter:data1\" content=\"3 minutos\" \/>\n<script type=\"application\/ld+json\" class=\"yoast-schema-graph\">{\"@context\":\"https:\\\/\\\/schema.org\",\"@graph\":[{\"@type\":\"WebPage\",\"@id\":\"https:\\\/\\\/elpicudonegro.com\\\/web\\\/manual-buenas-practicas-picudo-negro\\\/\",\"url\":\"https:\\\/\\\/elpicudonegro.com\\\/web\\\/manual-buenas-practicas-picudo-negro\\\/\",\"name\":\"Manual buenas pr\u00e1cticas control del picudo negro\",\"isPartOf\":{\"@id\":\"https:\\\/\\\/elpicudonegro.com\\\/web\\\/#website\"},\"primaryImageOfPage\":{\"@id\":\"https:\\\/\\\/elpicudonegro.com\\\/web\\\/manual-buenas-practicas-picudo-negro\\\/#primaryimage\"},\"image\":{\"@id\":\"https:\\\/\\\/elpicudonegro.com\\\/web\\\/manual-buenas-practicas-picudo-negro\\\/#primaryimage\"},\"thumbnailUrl\":\"http:\\\/\\\/elpicudonegro.com\\\/web\\\/wp-content\\\/uploads\\\/2016\\\/03\\\/larvas-de-picudo-negro-300x169.jpg\",\"datePublished\":\"2016-03-27T15:32:45+00:00\",\"dateModified\":\"2016-12-17T18:10:56+00:00\",\"description\":\"Manual de buenas pr\u00e1cticas para luchar contra la dispersion del PICUDO NEGRO. Localizaci\u00f3n, destrucci\u00f3n de plantas afectadas, trampeo con feromona y otros\",\"breadcrumb\":{\"@id\":\"https:\\\/\\\/elpicudonegro.com\\\/web\\\/manual-buenas-practicas-picudo-negro\\\/#breadcrumb\"},\"inLanguage\":\"es\",\"potentialAction\":[{\"@type\":\"ReadAction\",\"target\":[\"https:\\\/\\\/elpicudonegro.com\\\/web\\\/manual-buenas-practicas-picudo-negro\\\/\"]}]},{\"@type\":\"ImageObject\",\"inLanguage\":\"es\",\"@id\":\"https:\\\/\\\/elpicudonegro.com\\\/web\\\/manual-buenas-practicas-picudo-negro\\\/#primaryimage\",\"url\":\"https:\\\/\\\/i0.wp.com\\\/elpicudonegro.com\\\/web\\\/wp-content\\\/uploads\\\/2016\\\/03\\\/larvas-de-picudo-negro.jpg?fit=3072%2C1728&ssl=1\",\"contentUrl\":\"https:\\\/\\\/i0.wp.com\\\/elpicudonegro.com\\\/web\\\/wp-content\\\/uploads\\\/2016\\\/03\\\/larvas-de-picudo-negro.jpg?fit=3072%2C1728&ssl=1\",\"width\":3072,\"height\":1728},{\"@type\":\"BreadcrumbList\",\"@id\":\"https:\\\/\\\/elpicudonegro.com\\\/web\\\/manual-buenas-practicas-picudo-negro\\\/#breadcrumb\",\"itemListElement\":[{\"@type\":\"ListItem\",\"position\":1,\"name\":\"Portada\",\"item\":\"https:\\\/\\\/elpicudonegro.com\\\/web\\\/\"},{\"@type\":\"ListItem\",\"position\":2,\"name\":\"Manual de Buenas Pr\u00e1cticas\"}]},{\"@type\":\"WebSite\",\"@id\":\"https:\\\/\\\/elpicudonegro.com\\\/web\\\/#website\",\"url\":\"https:\\\/\\\/elpicudonegro.com\\\/web\\\/\",\"name\":\"EL PICUDO NEGRO\",\"description\":\"Control de la plaga de picudo negro en las pitas de Almeria\",\"potentialAction\":[{\"@type\":\"SearchAction\",\"target\":{\"@type\":\"EntryPoint\",\"urlTemplate\":\"https:\\\/\\\/elpicudonegro.com\\\/web\\\/?s={search_term_string}\"},\"query-input\":{\"@type\":\"PropertyValueSpecification\",\"valueRequired\":true,\"valueName\":\"search_term_string\"}}],\"inLanguage\":\"es\"}]}<\/script>\n<!-- \/ Yoast SEO plugin. -->","yoast_head_json":{"title":"Manual buenas pr\u00e1cticas control del picudo negro","description":"Manual de buenas pr\u00e1cticas para luchar contra la dispersion del PICUDO NEGRO. Localizaci\u00f3n, destrucci\u00f3n de plantas afectadas, trampeo con feromona y otros","robots":{"index":"index","follow":"follow","max-snippet":"max-snippet:-1","max-image-preview":"max-image-preview:large","max-video-preview":"max-video-preview:-1"},"canonical":"https:\/\/elpicudonegro.com\/web\/manual-buenas-practicas-picudo-negro\/","og_locale":"es_ES","og_type":"article","og_title":"Manual buenas pr\u00e1cticas control del picudo negro","og_description":"Manual de buenas pr\u00e1cticas para luchar contra la dispersion del PICUDO NEGRO. Localizaci\u00f3n, destrucci\u00f3n de plantas afectadas, trampeo con feromona y otros","og_url":"https:\/\/elpicudonegro.com\/web\/manual-buenas-practicas-picudo-negro\/","og_site_name":"EL PICUDO NEGRO","article_modified_time":"2016-12-17T18:10:56+00:00","og_image":[{"url":"http:\/\/elpicudonegro.com\/web\/wp-content\/uploads\/2016\/03\/larvas-de-picudo-negro-300x169.jpg","type":"","width":"","height":""}],"twitter_card":"summary_large_image","twitter_misc":{"Tiempo de lectura":"3 minutos"},"schema":{"@context":"https:\/\/schema.org","@graph":[{"@type":"WebPage","@id":"https:\/\/elpicudonegro.com\/web\/manual-buenas-practicas-picudo-negro\/","url":"https:\/\/elpicudonegro.com\/web\/manual-buenas-practicas-picudo-negro\/","name":"Manual buenas pr\u00e1cticas control del picudo negro","isPartOf":{"@id":"https:\/\/elpicudonegro.com\/web\/#website"},"primaryImageOfPage":{"@id":"https:\/\/elpicudonegro.com\/web\/manual-buenas-practicas-picudo-negro\/#primaryimage"},"image":{"@id":"https:\/\/elpicudonegro.com\/web\/manual-buenas-practicas-picudo-negro\/#primaryimage"},"thumbnailUrl":"http:\/\/elpicudonegro.com\/web\/wp-content\/uploads\/2016\/03\/larvas-de-picudo-negro-300x169.jpg","datePublished":"2016-03-27T15:32:45+00:00","dateModified":"2016-12-17T18:10:56+00:00","description":"Manual de buenas pr\u00e1cticas para luchar contra la dispersion del PICUDO NEGRO. Localizaci\u00f3n, destrucci\u00f3n de plantas afectadas, trampeo con feromona y otros","breadcrumb":{"@id":"https:\/\/elpicudonegro.com\/web\/manual-buenas-practicas-picudo-negro\/#breadcrumb"},"inLanguage":"es","potentialAction":[{"@type":"ReadAction","target":["https:\/\/elpicudonegro.com\/web\/manual-buenas-practicas-picudo-negro\/"]}]},{"@type":"ImageObject","inLanguage":"es","@id":"https:\/\/elpicudonegro.com\/web\/manual-buenas-practicas-picudo-negro\/#primaryimage","url":"https:\/\/i0.wp.com\/elpicudonegro.com\/web\/wp-content\/uploads\/2016\/03\/larvas-de-picudo-negro.jpg?fit=3072%2C1728&ssl=1","contentUrl":"https:\/\/i0.wp.com\/elpicudonegro.com\/web\/wp-content\/uploads\/2016\/03\/larvas-de-picudo-negro.jpg?fit=3072%2C1728&ssl=1","width":3072,"height":1728},{"@type":"BreadcrumbList","@id":"https:\/\/elpicudonegro.com\/web\/manual-buenas-practicas-picudo-negro\/#breadcrumb","itemListElement":[{"@type":"ListItem","position":1,"name":"Portada","item":"https:\/\/elpicudonegro.com\/web\/"},{"@type":"ListItem","position":2,"name":"Manual de Buenas Pr\u00e1cticas"}]},{"@type":"WebSite","@id":"https:\/\/elpicudonegro.com\/web\/#website","url":"https:\/\/elpicudonegro.com\/web\/","name":"EL PICUDO NEGRO","description":"Control de la plaga de picudo negro en las pitas de Almeria","potentialAction":[{"@type":"SearchAction","target":{"@type":"EntryPoint","urlTemplate":"https:\/\/elpicudonegro.com\/web\/?s={search_term_string}"},"query-input":{"@type":"PropertyValueSpecification","valueRequired":true,"valueName":"search_term_string"}}],"inLanguage":"es"}]}},"jetpack_sharing_enabled":true,"jetpack_shortlink":"https:\/\/wp.me\/P7lxPt-6T","jetpack-related-posts":[],"_links":{"self":[{"href":"https:\/\/elpicudonegro.com\/web\/wp-json\/wp\/v2\/pages\/427","targetHints":{"allow":["GET"]}}],"collection":[{"href":"https:\/\/elpicudonegro.com\/web\/wp-json\/wp\/v2\/pages"}],"about":[{"href":"https:\/\/elpicudonegro.com\/web\/wp-json\/wp\/v2\/types\/page"}],"author":[{"embeddable":true,"href":"https:\/\/elpicudonegro.com\/web\/wp-json\/wp\/v2\/users\/1"}],"replies":[{"embeddable":true,"href":"https:\/\/elpicudonegro.com\/web\/wp-json\/wp\/v2\/comments?post=427"}],"version-history":[{"count":11,"href":"https:\/\/elpicudonegro.com\/web\/wp-json\/wp\/v2\/pages\/427\/revisions"}],"predecessor-version":[{"id":920,"href":"https:\/\/elpicudonegro.com\/web\/wp-json\/wp\/v2\/pages\/427\/revisions\/920"}],"wp:attachment":[{"href":"https:\/\/elpicudonegro.com\/web\/wp-json\/wp\/v2\/media?parent=427"}],"curies":[{"name":"wp","href":"https:\/\/api.w.org\/{rel}","templated":true}]}}