{"id":54,"date":"2016-02-23T18:32:40","date_gmt":"2016-02-23T18:32:40","guid":{"rendered":"http:\/\/practicasemprendeweb.com\/alumno05\/?page_id=54"},"modified":"2016-07-28T00:07:17","modified_gmt":"2016-07-28T00:07:17","slug":"picudo-negro-almeria","status":"publish","type":"page","link":"https:\/\/elpicudonegro.com\/web\/","title":{"rendered":"INICIO"},"content":{"rendered":"<p style=\"text-align: justify;\">Ante la llegada del <strong>gorgojo del agave<\/strong> <u>Scyphophorus acupunctatus,<\/u> el temible <strong>PICUDO NEGRO<\/strong>\u00a0a nuestras tierras almerienses, es preciso actuar con contundencia y decisi\u00f3n, ya que de no ser as\u00ed, las consecuencias para las pitas ser\u00e1n desastrosas. No queremos que\u00a0ocurra lo mismo\u00a0que con las <strong>chumberas<\/strong>, que ya van desapareciendo del paisaje.<\/p>\n<figure id=\"attachment_480\" aria-describedby=\"caption-attachment-480\" style=\"width: 466px\" class=\"wp-caption aligncenter\"><img data-recalc-dims=\"1\" loading=\"lazy\" decoding=\"async\" data-attachment-id=\"480\" data-permalink=\"https:\/\/elpicudonegro.com\/web\/picudo-negro-almeria\/piteras-destrozadas\/\" data-orig-file=\"https:\/\/i0.wp.com\/elpicudonegro.com\/web\/wp-content\/uploads\/2016\/02\/Piteras-destrozadas.jpg?fit=2048%2C1536&amp;ssl=1\" data-orig-size=\"2048,1536\" data-comments-opened=\"1\" data-image-meta=\"{&quot;aperture&quot;:&quot;0&quot;,&quot;credit&quot;:&quot;&quot;,&quot;camera&quot;:&quot;&quot;,&quot;caption&quot;:&quot;&quot;,&quot;created_timestamp&quot;:&quot;0&quot;,&quot;copyright&quot;:&quot;&quot;,&quot;focal_length&quot;:&quot;0&quot;,&quot;iso&quot;:&quot;0&quot;,&quot;shutter_speed&quot;:&quot;0&quot;,&quot;title&quot;:&quot;&quot;,&quot;orientation&quot;:&quot;0&quot;}\" data-image-title=\"Piteras destrozadas\" data-image-description=\"\" data-image-caption=\"&lt;p&gt;El destrozo del picudo negro&lt;\/p&gt;\n\" data-large-file=\"https:\/\/i0.wp.com\/elpicudonegro.com\/web\/wp-content\/uploads\/2016\/02\/Piteras-destrozadas.jpg?fit=474%2C356&amp;ssl=1\" class=\"wp-image-480\" src=\"https:\/\/i0.wp.com\/elpicudonegro.com\/web\/wp-content\/uploads\/2016\/02\/Piteras-destrozadas.jpg?resize=466%2C349\" alt=\"El destrozo del picudo negro\" width=\"466\" height=\"349\" srcset=\"https:\/\/i0.wp.com\/elpicudonegro.com\/web\/wp-content\/uploads\/2016\/02\/Piteras-destrozadas.jpg?resize=300%2C225&amp;ssl=1 300w, https:\/\/i0.wp.com\/elpicudonegro.com\/web\/wp-content\/uploads\/2016\/02\/Piteras-destrozadas.jpg?resize=768%2C576&amp;ssl=1 768w, https:\/\/i0.wp.com\/elpicudonegro.com\/web\/wp-content\/uploads\/2016\/02\/Piteras-destrozadas.jpg?resize=1024%2C768&amp;ssl=1 1024w, https:\/\/i0.wp.com\/elpicudonegro.com\/web\/wp-content\/uploads\/2016\/02\/Piteras-destrozadas.jpg?w=2048&amp;ssl=1 2048w, https:\/\/i0.wp.com\/elpicudonegro.com\/web\/wp-content\/uploads\/2016\/02\/Piteras-destrozadas.jpg?w=948 948w, https:\/\/i0.wp.com\/elpicudonegro.com\/web\/wp-content\/uploads\/2016\/02\/Piteras-destrozadas.jpg?w=1422 1422w\" sizes=\"auto, (max-width: 466px) 100vw, 466px\" \/><figcaption id=\"caption-attachment-480\" class=\"wp-caption-text\">Destrozos del picudo negro<\/figcaption><\/figure>\n<p style=\"text-align: justify;\">Pretendemos\u00a0<strong>sumar\u00a0y aunar<\/strong> todos los esfuerzos posibles entre distintos organismos, administraciones y ciudadanos que puedan estar sensibilizados por este problema. Haciendo\u00a0un sitio de <strong>referencia y compilaci\u00f3n<\/strong> de los\u00a0estudios y experiencias llevados a cabo\u00a0sobre el tema.<\/p>\n<p style=\"text-align: justify;\">Nuestro trabajo en defensa de los \u00e1gaves se puede visitar en la pagina de Facebook de la <a href=\"https:\/\/www.facebook.com\/SALVEMOSLASPITASDEALMERIA\/\" target=\"_blank\">Plataforma SALVEMOS LAS PITAS DE ALMER\u00cdA<\/a>\u00a0 empezamos unos pocos y ya somos multitud.<\/p>\n<p style=\"text-align: justify;\">En un documento recientemente elaborado, se solicit\u00f3 a Medio Ambiente que atendiera nuestras demandas, puede verse texto completo en <a href=\"https:\/\/drive.google.com\/file\/d\/0ByrYv8OJwdTdc2lGTER3X1RpSHc\/view?usp=sharing\" target=\"_blank\">MANIFIESTO PITACO<\/a><\/p>\n<p style=\"text-align: justify;\">Para terminar, <strong>recalcar<\/strong>\u00a0que queremos\u00a0ponernos a disposici\u00f3n de cualquiera de las ADMINISTRACIONES\u00a0que pueda ser\u00a0sensible a esta problematica.<\/p>\n<h6 style=\"text-align: justify;\"><em><strong><span style=\"color: #993366;\">NECESITAMOS LA COLABORACI\u00d3N DE TOD@S \u00a0 GRACIAS<\/span><\/strong><\/em><\/h6>\n","protected":false},"excerpt":{"rendered":"<p>Ante la llegada del gorgojo del agave Scyphophorus acupunctatus, el temible PICUDO NEGRO\u00a0a nuestras tierras almerienses, es preciso actuar con contundencia y decisi\u00f3n, ya que de no ser as\u00ed, las consecuencias para las pitas ser\u00e1n desastrosas. No queremos que\u00a0ocurra lo mismo\u00a0que con las chumberas, que ya van desapareciendo del paisaje. Pretendemos\u00a0sumar\u00a0y aunar todos los esfuerzos &hellip; <a href=\"https:\/\/elpicudonegro.com\/web\/\" class=\"more-link\">Seguir leyendo <span class=\"screen-reader-text\">INICIO<\/span> <span class=\"meta-nav\">&rarr;<\/span><\/a><\/p>\n","protected":false},"author":1,"featured_media":0,"parent":0,"menu_order":0,"comment_status":"closed","ping_status":"closed","template":"","meta":{"footnotes":""},"class_list":["post-54","page","type-page","status-publish","hentry"],"yoast_head":"<!-- This site is optimized with the Yoast SEO plugin v27.6 - https:\/\/yoast.com\/product\/yoast-seo-wordpress\/ -->\n<title>INICIO - EL PICUDO NEGRO<\/title>\n<meta name=\"description\" content=\"Ante la llegada del gorgojo del agave Scyphophorus acupunctatus a Almeria, el temible PICUDO NEGRO que ataca las pitas (agaves), M\u00e9todos de control\" \/>\n<meta name=\"robots\" content=\"index, follow, max-snippet:-1, max-image-preview:large, max-video-preview:-1\" \/>\n<link rel=\"canonical\" href=\"https:\/\/elpicudonegro.com\/web\/\" \/>\n<meta property=\"og:locale\" content=\"es_ES\" \/>\n<meta property=\"og:type\" content=\"article\" \/>\n<meta property=\"og:title\" content=\"INICIO - EL PICUDO NEGRO\" \/>\n<meta property=\"og:description\" content=\"Ante la llegada del gorgojo del agave Scyphophorus acupunctatus a Almeria, el temible PICUDO NEGRO que ataca las pitas (agaves), M\u00e9todos de control\" \/>\n<meta property=\"og:url\" content=\"https:\/\/elpicudonegro.com\/web\/\" \/>\n<meta property=\"og:site_name\" content=\"EL PICUDO NEGRO\" \/>\n<meta property=\"article:modified_time\" content=\"2016-07-28T00:07:17+00:00\" \/>\n<meta property=\"og:image\" content=\"http:\/\/elpicudonegro.com\/web\/wp-content\/uploads\/2016\/02\/Piteras-destrozadas-300x225.jpg\" \/>\n<meta name=\"twitter:card\" content=\"summary_large_image\" \/>\n<meta name=\"twitter:label1\" content=\"Tiempo de lectura\" \/>\n\t<meta name=\"twitter:data1\" content=\"1 minuto\" \/>\n<script type=\"application\/ld+json\" class=\"yoast-schema-graph\">{\"@context\":\"https:\\\/\\\/schema.org\",\"@graph\":[{\"@type\":\"WebPage\",\"@id\":\"https:\\\/\\\/elpicudonegro.com\\\/web\\\/\",\"url\":\"https:\\\/\\\/elpicudonegro.com\\\/web\\\/\",\"name\":\"INICIO - EL PICUDO NEGRO\",\"isPartOf\":{\"@id\":\"https:\\\/\\\/elpicudonegro.com\\\/web\\\/#website\"},\"primaryImageOfPage\":{\"@id\":\"https:\\\/\\\/elpicudonegro.com\\\/web\\\/#primaryimage\"},\"image\":{\"@id\":\"https:\\\/\\\/elpicudonegro.com\\\/web\\\/#primaryimage\"},\"thumbnailUrl\":\"http:\\\/\\\/elpicudonegro.com\\\/web\\\/wp-content\\\/uploads\\\/2016\\\/02\\\/Piteras-destrozadas-300x225.jpg\",\"datePublished\":\"2016-02-23T18:32:40+00:00\",\"dateModified\":\"2016-07-28T00:07:17+00:00\",\"description\":\"Ante la llegada del gorgojo del agave Scyphophorus acupunctatus a Almeria, el temible PICUDO NEGRO que ataca las pitas (agaves), M\u00e9todos de control\",\"breadcrumb\":{\"@id\":\"https:\\\/\\\/elpicudonegro.com\\\/web\\\/#breadcrumb\"},\"inLanguage\":\"es\",\"potentialAction\":[{\"@type\":\"ReadAction\",\"target\":[\"https:\\\/\\\/elpicudonegro.com\\\/web\\\/\"]}]},{\"@type\":\"ImageObject\",\"inLanguage\":\"es\",\"@id\":\"https:\\\/\\\/elpicudonegro.com\\\/web\\\/#primaryimage\",\"url\":\"https:\\\/\\\/i0.wp.com\\\/elpicudonegro.com\\\/web\\\/wp-content\\\/uploads\\\/2016\\\/02\\\/Piteras-destrozadas.jpg?fit=2048%2C1536&ssl=1\",\"contentUrl\":\"https:\\\/\\\/i0.wp.com\\\/elpicudonegro.com\\\/web\\\/wp-content\\\/uploads\\\/2016\\\/02\\\/Piteras-destrozadas.jpg?fit=2048%2C1536&ssl=1\",\"width\":2048,\"height\":1536,\"caption\":\"El destrozo del picudo negro\"},{\"@type\":\"BreadcrumbList\",\"@id\":\"https:\\\/\\\/elpicudonegro.com\\\/web\\\/#breadcrumb\",\"itemListElement\":[{\"@type\":\"ListItem\",\"position\":1,\"name\":\"Portada\",\"item\":\"https:\\\/\\\/elpicudonegro.com\\\/web\\\/\"},{\"@type\":\"ListItem\",\"position\":2,\"name\":\"INICIO\"}]},{\"@type\":\"WebSite\",\"@id\":\"https:\\\/\\\/elpicudonegro.com\\\/web\\\/#website\",\"url\":\"https:\\\/\\\/elpicudonegro.com\\\/web\\\/\",\"name\":\"EL PICUDO NEGRO\",\"description\":\"Control de la plaga de picudo negro en las pitas de Almeria\",\"potentialAction\":[{\"@type\":\"SearchAction\",\"target\":{\"@type\":\"EntryPoint\",\"urlTemplate\":\"https:\\\/\\\/elpicudonegro.com\\\/web\\\/?s={search_term_string}\"},\"query-input\":{\"@type\":\"PropertyValueSpecification\",\"valueRequired\":true,\"valueName\":\"search_term_string\"}}],\"inLanguage\":\"es\"}]}<\/script>\n<!-- \/ Yoast SEO plugin. -->","yoast_head_json":{"title":"INICIO - EL PICUDO NEGRO","description":"Ante la llegada del gorgojo del agave Scyphophorus acupunctatus a Almeria, el temible PICUDO NEGRO que ataca las pitas (agaves), M\u00e9todos de control","robots":{"index":"index","follow":"follow","max-snippet":"max-snippet:-1","max-image-preview":"max-image-preview:large","max-video-preview":"max-video-preview:-1"},"canonical":"https:\/\/elpicudonegro.com\/web\/","og_locale":"es_ES","og_type":"article","og_title":"INICIO - EL PICUDO NEGRO","og_description":"Ante la llegada del gorgojo del agave Scyphophorus acupunctatus a Almeria, el temible PICUDO NEGRO que ataca las pitas (agaves), M\u00e9todos de control","og_url":"https:\/\/elpicudonegro.com\/web\/","og_site_name":"EL PICUDO NEGRO","article_modified_time":"2016-07-28T00:07:17+00:00","og_image":[{"url":"http:\/\/elpicudonegro.com\/web\/wp-content\/uploads\/2016\/02\/Piteras-destrozadas-300x225.jpg","type":"","width":"","height":""}],"twitter_card":"summary_large_image","twitter_misc":{"Tiempo de lectura":"1 minuto"},"schema":{"@context":"https:\/\/schema.org","@graph":[{"@type":"WebPage","@id":"https:\/\/elpicudonegro.com\/web\/","url":"https:\/\/elpicudonegro.com\/web\/","name":"INICIO - EL PICUDO NEGRO","isPartOf":{"@id":"https:\/\/elpicudonegro.com\/web\/#website"},"primaryImageOfPage":{"@id":"https:\/\/elpicudonegro.com\/web\/#primaryimage"},"image":{"@id":"https:\/\/elpicudonegro.com\/web\/#primaryimage"},"thumbnailUrl":"http:\/\/elpicudonegro.com\/web\/wp-content\/uploads\/2016\/02\/Piteras-destrozadas-300x225.jpg","datePublished":"2016-02-23T18:32:40+00:00","dateModified":"2016-07-28T00:07:17+00:00","description":"Ante la llegada del gorgojo del agave Scyphophorus acupunctatus a Almeria, el temible PICUDO NEGRO que ataca las pitas (agaves), M\u00e9todos de control","breadcrumb":{"@id":"https:\/\/elpicudonegro.com\/web\/#breadcrumb"},"inLanguage":"es","potentialAction":[{"@type":"ReadAction","target":["https:\/\/elpicudonegro.com\/web\/"]}]},{"@type":"ImageObject","inLanguage":"es","@id":"https:\/\/elpicudonegro.com\/web\/#primaryimage","url":"https:\/\/i0.wp.com\/elpicudonegro.com\/web\/wp-content\/uploads\/2016\/02\/Piteras-destrozadas.jpg?fit=2048%2C1536&ssl=1","contentUrl":"https:\/\/i0.wp.com\/elpicudonegro.com\/web\/wp-content\/uploads\/2016\/02\/Piteras-destrozadas.jpg?fit=2048%2C1536&ssl=1","width":2048,"height":1536,"caption":"El destrozo del picudo negro"},{"@type":"BreadcrumbList","@id":"https:\/\/elpicudonegro.com\/web\/#breadcrumb","itemListElement":[{"@type":"ListItem","position":1,"name":"Portada","item":"https:\/\/elpicudonegro.com\/web\/"},{"@type":"ListItem","position":2,"name":"INICIO"}]},{"@type":"WebSite","@id":"https:\/\/elpicudonegro.com\/web\/#website","url":"https:\/\/elpicudonegro.com\/web\/","name":"EL PICUDO NEGRO","description":"Control de la plaga de picudo negro en las pitas de Almeria","potentialAction":[{"@type":"SearchAction","target":{"@type":"EntryPoint","urlTemplate":"https:\/\/elpicudonegro.com\/web\/?s={search_term_string}"},"query-input":{"@type":"PropertyValueSpecification","valueRequired":true,"valueName":"search_term_string"}}],"inLanguage":"es"}]}},"jetpack_sharing_enabled":true,"jetpack_shortlink":"https:\/\/wp.me\/P7lxPt-S","jetpack-related-posts":[],"_links":{"self":[{"href":"https:\/\/elpicudonegro.com\/web\/wp-json\/wp\/v2\/pages\/54","targetHints":{"allow":["GET"]}}],"collection":[{"href":"https:\/\/elpicudonegro.com\/web\/wp-json\/wp\/v2\/pages"}],"about":[{"href":"https:\/\/elpicudonegro.com\/web\/wp-json\/wp\/v2\/types\/page"}],"author":[{"embeddable":true,"href":"https:\/\/elpicudonegro.com\/web\/wp-json\/wp\/v2\/users\/1"}],"replies":[{"embeddable":true,"href":"https:\/\/elpicudonegro.com\/web\/wp-json\/wp\/v2\/comments?post=54"}],"version-history":[{"count":24,"href":"https:\/\/elpicudonegro.com\/web\/wp-json\/wp\/v2\/pages\/54\/revisions"}],"predecessor-version":[{"id":837,"href":"https:\/\/elpicudonegro.com\/web\/wp-json\/wp\/v2\/pages\/54\/revisions\/837"}],"wp:attachment":[{"href":"https:\/\/elpicudonegro.com\/web\/wp-json\/wp\/v2\/media?parent=54"}],"curies":[{"name":"wp","href":"https:\/\/api.w.org\/{rel}","templated":true}]}}