{"id":553,"date":"2016-04-10T10:33:05","date_gmt":"2016-04-10T10:33:05","guid":{"rendered":"http:\/\/elpicudonegro.com\/web\/?page_id=553"},"modified":"2016-04-14T23:16:42","modified_gmt":"2016-04-14T23:16:42","slug":"lucha-integrada-plaga-picudonegro-pitas","status":"publish","type":"page","link":"https:\/\/elpicudonegro.com\/web\/lucha-integrada-plaga-picudonegro-pitas\/","title":{"rendered":"GLOSARIO Y CONCEPTOS"},"content":{"rendered":"<p><strong>CONTROL DEL PICUDO NEGRO DEL AGAVE<\/strong><\/p>\n<p style=\"text-align: justify;\">La lucha contra la plaga del picudo negro es de antemano larga y complicada, sin embargo creemos firmemente que no debemos dejar que este gorgojo elimine LAS \u00a0PITAS\u00a0y otras especies vegetales de nuestro entorno sin que intentemos hacer algo al respecto. No pretenderemos &#8216;erradicarlo&#8217; por completo de nuestro territorio, esto es pr\u00e1cticamente imposible a d\u00eda de hoy, pero s\u00ed controlarlo a niveles muy elementales, de manera que no supongan un grave riesgo para la salud de nuestra vegetaci\u00f3n.<\/p>\n<figure id=\"attachment_568\" aria-describedby=\"caption-attachment-568\" style=\"width: 319px\" class=\"wp-caption aligncenter\"><img data-recalc-dims=\"1\" loading=\"lazy\" decoding=\"async\" data-attachment-id=\"568\" data-permalink=\"https:\/\/elpicudonegro.com\/web\/lucha-integrada-plaga-picudonegro-pitas\/dscn6835-2\/\" data-orig-file=\"https:\/\/i0.wp.com\/elpicudonegro.com\/web\/wp-content\/uploads\/2016\/04\/DSCN6835.jpg?fit=2048%2C1536&amp;ssl=1\" data-orig-size=\"2048,1536\" data-comments-opened=\"1\" data-image-meta=\"{&quot;aperture&quot;:&quot;0&quot;,&quot;credit&quot;:&quot;&quot;,&quot;camera&quot;:&quot;&quot;,&quot;caption&quot;:&quot;&quot;,&quot;created_timestamp&quot;:&quot;0&quot;,&quot;copyright&quot;:&quot;&quot;,&quot;focal_length&quot;:&quot;0&quot;,&quot;iso&quot;:&quot;0&quot;,&quot;shutter_speed&quot;:&quot;0&quot;,&quot;title&quot;:&quot;&quot;,&quot;orientation&quot;:&quot;0&quot;}\" data-image-title=\"picudo negro sobre pita\" data-image-description=\"\" data-image-caption=\"&lt;p&gt;Scyphophorus acupunctatus sobre PITA&lt;\/p&gt;\n\" data-large-file=\"https:\/\/i0.wp.com\/elpicudonegro.com\/web\/wp-content\/uploads\/2016\/04\/DSCN6835.jpg?fit=474%2C356&amp;ssl=1\" class=\" wp-image-568\" src=\"https:\/\/i0.wp.com\/elpicudonegro.com\/web\/wp-content\/uploads\/2016\/04\/DSCN6835.jpg?resize=319%2C239\" alt=\"Scyphophorus acupunctatus sobre PITA\" width=\"319\" height=\"239\" srcset=\"https:\/\/i0.wp.com\/elpicudonegro.com\/web\/wp-content\/uploads\/2016\/04\/DSCN6835.jpg?resize=300%2C225&amp;ssl=1 300w, https:\/\/i0.wp.com\/elpicudonegro.com\/web\/wp-content\/uploads\/2016\/04\/DSCN6835.jpg?resize=768%2C576&amp;ssl=1 768w, https:\/\/i0.wp.com\/elpicudonegro.com\/web\/wp-content\/uploads\/2016\/04\/DSCN6835.jpg?resize=1024%2C768&amp;ssl=1 1024w, https:\/\/i0.wp.com\/elpicudonegro.com\/web\/wp-content\/uploads\/2016\/04\/DSCN6835.jpg?w=2048&amp;ssl=1 2048w, https:\/\/i0.wp.com\/elpicudonegro.com\/web\/wp-content\/uploads\/2016\/04\/DSCN6835.jpg?w=948 948w, https:\/\/i0.wp.com\/elpicudonegro.com\/web\/wp-content\/uploads\/2016\/04\/DSCN6835.jpg?w=1422 1422w\" sizes=\"auto, (max-width: 319px) 100vw, 319px\" \/><figcaption id=\"caption-attachment-568\" class=\"wp-caption-text\">Scyphophorus acupunctatus sobre PITA<\/figcaption><\/figure>\n<p style=\"text-align: justify;\">Comenzaremos con una r\u00e1pida aproximaci\u00f3n te\u00f3rica al concepto de plaga y a los mecanismos de lucha que tenemos a nuestro alcance.<\/p>\n<p style=\"text-align: justify;\"><strong>\u00bfQU\u00c9 ES UNA PLAGA?<br \/>\n<\/strong>En general, tomando como \u00e1mbitos de acci\u00f3n los medios &#8216;forestales&#8217;, &#8216;agr\u00edcolas&#8217; e incluso &#8216;urbanos&#8217; (jardiner\u00eda), una plaga es un elemento bi\u00f3tico (normalmente animal) capaz de afectar a la salud de la flora que se pretende proteger, actuando como actor &#8216;<strong>primario<\/strong>&#8216; (el solo es capaz de producir el da\u00f1o de manera \u00edntegra) o como actor &#8216;<strong>secundario<\/strong>&#8216; (necesita del debilitamiento previo del vegetal para poder afectar a su salud). Las plagas ser\u00e1n leves o graves dependiendo de las consecuencias finales que tenga su acci\u00f3n sobre la vegetaci\u00f3n y el inter\u00e9s que esta vegetaci\u00f3n despierte en el ser humano.<\/p>\n<figure id=\"attachment_570\" aria-describedby=\"caption-attachment-570\" style=\"width: 323px\" class=\"wp-caption aligncenter\"><img data-recalc-dims=\"1\" loading=\"lazy\" decoding=\"async\" data-attachment-id=\"570\" data-permalink=\"https:\/\/elpicudonegro.com\/web\/lucha-integrada-plaga-picudonegro-pitas\/trampa\/\" data-orig-file=\"https:\/\/i0.wp.com\/elpicudonegro.com\/web\/wp-content\/uploads\/2016\/04\/TRAMPA.jpg?fit=1600%2C1200&amp;ssl=1\" data-orig-size=\"1600,1200\" data-comments-opened=\"1\" data-image-meta=\"{&quot;aperture&quot;:&quot;0&quot;,&quot;credit&quot;:&quot;&quot;,&quot;camera&quot;:&quot;&quot;,&quot;caption&quot;:&quot;&quot;,&quot;created_timestamp&quot;:&quot;0&quot;,&quot;copyright&quot;:&quot;&quot;,&quot;focal_length&quot;:&quot;0&quot;,&quot;iso&quot;:&quot;0&quot;,&quot;shutter_speed&quot;:&quot;0&quot;,&quot;title&quot;:&quot;&quot;,&quot;orientation&quot;:&quot;0&quot;}\" data-image-title=\"TRAMPA FEROMONA\" data-image-description=\"\" data-image-caption=\"&lt;p&gt;Trampeo con feromonas&lt;\/p&gt;\n\" data-large-file=\"https:\/\/i0.wp.com\/elpicudonegro.com\/web\/wp-content\/uploads\/2016\/04\/TRAMPA.jpg?fit=474%2C356&amp;ssl=1\" class=\" wp-image-570\" src=\"https:\/\/i0.wp.com\/elpicudonegro.com\/web\/wp-content\/uploads\/2016\/04\/TRAMPA.jpg?resize=323%2C242\" alt=\"Trampeo con feromonas\" width=\"323\" height=\"242\" srcset=\"https:\/\/i0.wp.com\/elpicudonegro.com\/web\/wp-content\/uploads\/2016\/04\/TRAMPA.jpg?resize=300%2C225&amp;ssl=1 300w, https:\/\/i0.wp.com\/elpicudonegro.com\/web\/wp-content\/uploads\/2016\/04\/TRAMPA.jpg?resize=768%2C576&amp;ssl=1 768w, https:\/\/i0.wp.com\/elpicudonegro.com\/web\/wp-content\/uploads\/2016\/04\/TRAMPA.jpg?resize=1024%2C768&amp;ssl=1 1024w, https:\/\/i0.wp.com\/elpicudonegro.com\/web\/wp-content\/uploads\/2016\/04\/TRAMPA.jpg?w=1600&amp;ssl=1 1600w, https:\/\/i0.wp.com\/elpicudonegro.com\/web\/wp-content\/uploads\/2016\/04\/TRAMPA.jpg?w=948 948w, https:\/\/i0.wp.com\/elpicudonegro.com\/web\/wp-content\/uploads\/2016\/04\/TRAMPA.jpg?w=1422 1422w\" sizes=\"auto, (max-width: 323px) 100vw, 323px\" \/><figcaption id=\"caption-attachment-570\" class=\"wp-caption-text\">Trampeo con feromonas<\/figcaption><\/figure>\n<p style=\"text-align: justify;\"><strong>\u00bfC\u00d3MO PUEDE AFECTAR ESTA PLAGA A MI ENTORNO?<br \/>\n<\/strong>La plaga del gorgojo del agave, puede conseguir que el paisaje cambie de manera <strong>dr\u00e1stica<\/strong>, consiguiendo la eliminaci\u00f3n total o casi total de las pitas de nuestro entorno, ya sea por eliminaci\u00f3n directa a causa de su\u00a0alimentaci\u00f3n, o bien por una mezcla de esta actividad y la transmisi\u00f3n de <strong>bacterias<\/strong>\u00a0 (<em>Erwinia carotovora, Pseudomonas<\/em> spp.), <strong>hongos<\/strong> (<em>Aspergillus niger, Kluyveromyces marxianus, Pichia amethionina <\/em>var.<em>\u00a0amethionina<\/em>), <strong>algas<\/strong> (<em>Prototheca <\/em>sp.), o <strong>levaduras<\/strong> (<em>Candida <\/em>spp.), las cuales se han detectado sobre la superficie de este curculi\u00f3nido. Tampoco sabemos si su presencia puede resultar peligrosa para especies de flora aut\u00f3ctona una vez haya destruido las pitas, \u00bftal vez para las esparragueras?. Esta pregunta a\u00fan est\u00e1 por contestar, no conocemos en profundidad la capacidad de adaptaci\u00f3n de este cole\u00f3ptero, aunque parece claro que nuestro clima le es propicio.<\/p>\n<figure id=\"attachment_621\" aria-describedby=\"caption-attachment-621\" style=\"width: 269px\" class=\"wp-caption aligncenter\"><img data-recalc-dims=\"1\" loading=\"lazy\" decoding=\"async\" data-attachment-id=\"621\" data-permalink=\"https:\/\/elpicudonegro.com\/web\/lucha-integrada-plaga-picudonegro-pitas\/miguel-garcia\/\" data-orig-file=\"https:\/\/i0.wp.com\/elpicudonegro.com\/web\/wp-content\/uploads\/2016\/04\/miguel-garcia.jpg?fit=600%2C899&amp;ssl=1\" data-orig-size=\"600,899\" data-comments-opened=\"1\" data-image-meta=\"{&quot;aperture&quot;:&quot;0&quot;,&quot;credit&quot;:&quot;&quot;,&quot;camera&quot;:&quot;&quot;,&quot;caption&quot;:&quot;&quot;,&quot;created_timestamp&quot;:&quot;0&quot;,&quot;copyright&quot;:&quot;&quot;,&quot;focal_length&quot;:&quot;0&quot;,&quot;iso&quot;:&quot;0&quot;,&quot;shutter_speed&quot;:&quot;0&quot;,&quot;title&quot;:&quot;&quot;,&quot;orientation&quot;:&quot;0&quot;}\" data-image-title=\"miguel garcia\" data-image-description=\"\" data-image-caption=\"&lt;p&gt;Pitas en ALMERIA (foto de  Miguel Garc\u00eda)&lt;\/p&gt;\n\" data-large-file=\"https:\/\/i0.wp.com\/elpicudonegro.com\/web\/wp-content\/uploads\/2016\/04\/miguel-garcia.jpg?fit=474%2C710&amp;ssl=1\" class=\"wp-image-621\" src=\"https:\/\/i0.wp.com\/elpicudonegro.com\/web\/wp-content\/uploads\/2016\/04\/miguel-garcia.jpg?resize=269%2C404\" alt=\"Campos de PITAS en ALMERIA (foto de Miguel Garc\u00eda)\" width=\"269\" height=\"404\" srcset=\"https:\/\/i0.wp.com\/elpicudonegro.com\/web\/wp-content\/uploads\/2016\/04\/miguel-garcia.jpg?resize=200%2C300&amp;ssl=1 200w, https:\/\/i0.wp.com\/elpicudonegro.com\/web\/wp-content\/uploads\/2016\/04\/miguel-garcia.jpg?w=600&amp;ssl=1 600w\" sizes=\"auto, (max-width: 269px) 100vw, 269px\" \/><figcaption id=\"caption-attachment-621\" class=\"wp-caption-text\">Campos de PITAS en ALMERIA (foto de Miguel Garc\u00eda)<\/figcaption><\/figure>\n<p style=\"text-align: justify;\"><strong>\u00bfC\u00d3MO DEBEMOS\u00a0COMBATIR\u00a0EL PICUDO NEGRO?<\/strong><br \/>\nLa principal herramienta de la que debemos hacer uso es la <strong>&#8216;informaci\u00f3n&#8217;<\/strong>. Conocer la biolog\u00eda del insecto en nuestra regi\u00f3n, su relaci\u00f3n con las especies a las que ataca, la posible relaci\u00f3n con otras especies de fauna (por ejemplo aves), los patrones de distribuci\u00f3n, y sobre todo tener claros los puntos donde aparece. Todo esto requiere un esfuerzo de <strong>&#8216;investigaci\u00f3n&#8217;<\/strong>, que no puede llevarse a cabo sin la ayuda de la poblaci\u00f3n (agricultores, naturalistas, entom\u00f3logos, ciudadanos de a pie, cient\u00edficos multidisciplinares, etc.), las administraciones, y los colectivos de protecci\u00f3n del medio.<\/p>\n<p style=\"text-align: justify;\">Paralelamente se debe poner en marcha un plan de control inmediato mediante la denominada <strong>&#8216;lucha integrada&#8217;<\/strong>, ya definida en pagina anterior.\u00a0Los elementos naturales de regulaci\u00f3n (depredadores, parasitoides y par\u00e1sitos) a\u00fan est\u00e1n por estudiar en nuestra regi\u00f3n, seguro que con un seguimiento adecuado empezaremos a conocer especies de nuestra fauna que est\u00e1n preparadas o comienzan a adaptarse a la presencia de este escarabajo.<\/p>\n<p style=\"text-align: justify;\">Los <strong>umbrales de tolerancia<\/strong> se refieren al nivel aceptable o nivel de equilibrio entre la planta y la plaga, en la que esta \u00faltima no afecta de manera decisiva a la poblaci\u00f3n de la primera, aunque s\u00ed es tolerable la afecci\u00f3n a individuos aislados, especialmente si se encuentran desfavorecidos de manera natural.<\/p>\n<figure id=\"attachment_571\" aria-describedby=\"caption-attachment-571\" style=\"width: 281px\" class=\"wp-caption aligncenter\"><img data-recalc-dims=\"1\" loading=\"lazy\" decoding=\"async\" data-attachment-id=\"571\" data-permalink=\"https:\/\/elpicudonegro.com\/web\/lucha-integrada-plaga-picudonegro-pitas\/castala\/\" data-orig-file=\"https:\/\/i0.wp.com\/elpicudonegro.com\/web\/wp-content\/uploads\/2016\/04\/castala.jpg?fit=3120%2C4160&amp;ssl=1\" data-orig-size=\"3120,4160\" data-comments-opened=\"1\" data-image-meta=\"{&quot;aperture&quot;:&quot;0&quot;,&quot;credit&quot;:&quot;&quot;,&quot;camera&quot;:&quot;&quot;,&quot;caption&quot;:&quot;&quot;,&quot;created_timestamp&quot;:&quot;0&quot;,&quot;copyright&quot;:&quot;&quot;,&quot;focal_length&quot;:&quot;0&quot;,&quot;iso&quot;:&quot;0&quot;,&quot;shutter_speed&quot;:&quot;0&quot;,&quot;title&quot;:&quot;&quot;,&quot;orientation&quot;:&quot;0&quot;}\" data-image-title=\"castala\" data-image-description=\"\" data-image-caption=\"&lt;p&gt;Pitas afectadas en CASTALA (Almer\u00eda)&lt;\/p&gt;\n\" data-large-file=\"https:\/\/i0.wp.com\/elpicudonegro.com\/web\/wp-content\/uploads\/2016\/04\/castala.jpg?fit=474%2C632&amp;ssl=1\" class=\"wp-image-571\" title=\"LUCHA INTEGRADA PITAS\" src=\"https:\/\/i0.wp.com\/elpicudonegro.com\/web\/wp-content\/uploads\/2016\/04\/castala.jpg?resize=281%2C375\" alt=\"Pitas afectadas en CASTALA (Almer\u00eda)\" width=\"281\" height=\"375\" srcset=\"https:\/\/i0.wp.com\/elpicudonegro.com\/web\/wp-content\/uploads\/2016\/04\/castala.jpg?resize=225%2C300&amp;ssl=1 225w, https:\/\/i0.wp.com\/elpicudonegro.com\/web\/wp-content\/uploads\/2016\/04\/castala.jpg?resize=768%2C1024&amp;ssl=1 768w, https:\/\/i0.wp.com\/elpicudonegro.com\/web\/wp-content\/uploads\/2016\/04\/castala.jpg?w=948 948w, https:\/\/i0.wp.com\/elpicudonegro.com\/web\/wp-content\/uploads\/2016\/04\/castala.jpg?w=1422 1422w\" sizes=\"auto, (max-width: 281px) 100vw, 281px\" \/><figcaption id=\"caption-attachment-571\" class=\"wp-caption-text\">Pitas afectadas en CASTALA (Almer\u00eda)<\/figcaption><\/figure>\n<p style=\"text-align: justify;\"><strong>\u00bfCU\u00c1L\u00a0SER\u00c1 NUESTRA PROPUESTA DE LUCHA INTEGRADA?<\/strong><br \/>\nQueremos que nuestra lucha integrada sea un m\u00e9todo &#8216;vivo&#8217;, capaz de adaptarse, de aprender de los errores propios y ajenos, de reciclarse&#8230; Intentaremos minimizar el uso de productos fito-sanitarios, evit\u00e1ndolos siempre que sea posible. Intentaremos SIEMPRE comprobar su posible aplicaci\u00f3n, eficacia y toxicidad en el medio. \u00a0Los pasos a seguir son:<\/p>\n<p style=\"text-align: justify;\">1.- Alerta\u00a0ciudadana de geolocalizaci\u00f3n. <strong><a href=\"http:\/\/elpicudonegro.com\/web\/mapa-plaga-almeria\/\" target=\"_blank\">\u00a1\u00a1PARTICIPA!!<\/a><br \/>\n<\/strong>2.- Eliminaci\u00f3n del material vegetal infestado.<br \/>\n3.- Uso de trampas de feromona.<br \/>\n4.- Estudio y desarrollo de nuevas t\u00e9cnicas.<br \/>\n5.-Retroalimentaci\u00f3n, correcci\u00f3n y replanteamiento de las t\u00e9cnicas empleadas.<\/p>\n<p style=\"text-align: justify;\">Iremos desarrollando estos interesantes puntos en pr\u00f3ximas y sucesivas entradas. Gracias<\/p>\n","protected":false},"excerpt":{"rendered":"<p>CONTROL DEL PICUDO NEGRO DEL AGAVE La lucha contra la plaga del picudo negro es de antemano larga y complicada, sin embargo creemos firmemente que no debemos dejar que este gorgojo elimine LAS \u00a0PITAS\u00a0y otras especies vegetales de nuestro entorno sin que intentemos hacer algo al respecto. No pretenderemos &#8216;erradicarlo&#8217; por completo de nuestro territorio, &hellip; <a href=\"https:\/\/elpicudonegro.com\/web\/lucha-integrada-plaga-picudonegro-pitas\/\" class=\"more-link\">Seguir leyendo <span class=\"screen-reader-text\">GLOSARIO Y CONCEPTOS<\/span> <span class=\"meta-nav\">&rarr;<\/span><\/a><\/p>\n","protected":false},"author":1,"featured_media":0,"parent":0,"menu_order":0,"comment_status":"closed","ping_status":"closed","template":"","meta":{"jetpack_post_was_ever_published":false,"footnotes":""},"class_list":["post-553","page","type-page","status-publish","hentry"],"yoast_head":"<!-- This site is optimized with the Yoast SEO plugin v27.4 - https:\/\/yoast.com\/product\/yoast-seo-wordpress\/ -->\n<title>GLOSARIO Y CONCEPTOS - EL PICUDO NEGRO<\/title>\n<meta name=\"description\" content=\"No debemos dejar que este gorgojo elimine LAS PITAS y otras especies vegetales de nuestro entorno sin que intentemos hacer algo al respecto\" \/>\n<meta name=\"robots\" content=\"index, follow, max-snippet:-1, max-image-preview:large, max-video-preview:-1\" \/>\n<link rel=\"canonical\" href=\"https:\/\/elpicudonegro.com\/web\/lucha-integrada-plaga-picudonegro-pitas\/\" \/>\n<meta property=\"og:locale\" content=\"es_ES\" \/>\n<meta property=\"og:type\" content=\"article\" \/>\n<meta property=\"og:title\" content=\"GLOSARIO Y CONCEPTOS - EL PICUDO NEGRO\" \/>\n<meta property=\"og:description\" content=\"No debemos dejar que este gorgojo elimine LAS PITAS y otras especies vegetales de nuestro entorno sin que intentemos hacer algo al respecto\" \/>\n<meta property=\"og:url\" content=\"https:\/\/elpicudonegro.com\/web\/lucha-integrada-plaga-picudonegro-pitas\/\" \/>\n<meta property=\"og:site_name\" content=\"EL PICUDO NEGRO\" \/>\n<meta property=\"article:modified_time\" content=\"2016-04-14T23:16:42+00:00\" \/>\n<meta property=\"og:image\" content=\"http:\/\/elpicudonegro.com\/web\/wp-content\/uploads\/2016\/04\/DSCN6835-300x225.jpg\" \/>\n<meta name=\"twitter:card\" content=\"summary_large_image\" \/>\n<meta name=\"twitter:label1\" content=\"Tiempo de lectura\" \/>\n\t<meta name=\"twitter:data1\" content=\"4 minutos\" \/>\n<script type=\"application\/ld+json\" class=\"yoast-schema-graph\">{\"@context\":\"https:\\\/\\\/schema.org\",\"@graph\":[{\"@type\":\"WebPage\",\"@id\":\"https:\\\/\\\/elpicudonegro.com\\\/web\\\/lucha-integrada-plaga-picudonegro-pitas\\\/\",\"url\":\"https:\\\/\\\/elpicudonegro.com\\\/web\\\/lucha-integrada-plaga-picudonegro-pitas\\\/\",\"name\":\"GLOSARIO Y CONCEPTOS - EL PICUDO NEGRO\",\"isPartOf\":{\"@id\":\"https:\\\/\\\/elpicudonegro.com\\\/web\\\/#website\"},\"primaryImageOfPage\":{\"@id\":\"https:\\\/\\\/elpicudonegro.com\\\/web\\\/lucha-integrada-plaga-picudonegro-pitas\\\/#primaryimage\"},\"image\":{\"@id\":\"https:\\\/\\\/elpicudonegro.com\\\/web\\\/lucha-integrada-plaga-picudonegro-pitas\\\/#primaryimage\"},\"thumbnailUrl\":\"http:\\\/\\\/elpicudonegro.com\\\/web\\\/wp-content\\\/uploads\\\/2016\\\/04\\\/DSCN6835-300x225.jpg\",\"datePublished\":\"2016-04-10T10:33:05+00:00\",\"dateModified\":\"2016-04-14T23:16:42+00:00\",\"description\":\"No debemos dejar que este gorgojo elimine LAS PITAS y otras especies vegetales de nuestro entorno sin que intentemos hacer algo al respecto\",\"breadcrumb\":{\"@id\":\"https:\\\/\\\/elpicudonegro.com\\\/web\\\/lucha-integrada-plaga-picudonegro-pitas\\\/#breadcrumb\"},\"inLanguage\":\"es\",\"potentialAction\":[{\"@type\":\"ReadAction\",\"target\":[\"https:\\\/\\\/elpicudonegro.com\\\/web\\\/lucha-integrada-plaga-picudonegro-pitas\\\/\"]}]},{\"@type\":\"ImageObject\",\"inLanguage\":\"es\",\"@id\":\"https:\\\/\\\/elpicudonegro.com\\\/web\\\/lucha-integrada-plaga-picudonegro-pitas\\\/#primaryimage\",\"url\":\"https:\\\/\\\/i0.wp.com\\\/elpicudonegro.com\\\/web\\\/wp-content\\\/uploads\\\/2016\\\/04\\\/DSCN6835.jpg?fit=2048%2C1536&ssl=1\",\"contentUrl\":\"https:\\\/\\\/i0.wp.com\\\/elpicudonegro.com\\\/web\\\/wp-content\\\/uploads\\\/2016\\\/04\\\/DSCN6835.jpg?fit=2048%2C1536&ssl=1\",\"width\":2048,\"height\":1536,\"caption\":\"Scyphophorus acupunctatus sobre PITA\"},{\"@type\":\"BreadcrumbList\",\"@id\":\"https:\\\/\\\/elpicudonegro.com\\\/web\\\/lucha-integrada-plaga-picudonegro-pitas\\\/#breadcrumb\",\"itemListElement\":[{\"@type\":\"ListItem\",\"position\":1,\"name\":\"Portada\",\"item\":\"https:\\\/\\\/elpicudonegro.com\\\/web\\\/\"},{\"@type\":\"ListItem\",\"position\":2,\"name\":\"GLOSARIO Y CONCEPTOS\"}]},{\"@type\":\"WebSite\",\"@id\":\"https:\\\/\\\/elpicudonegro.com\\\/web\\\/#website\",\"url\":\"https:\\\/\\\/elpicudonegro.com\\\/web\\\/\",\"name\":\"EL PICUDO NEGRO\",\"description\":\"Control de la plaga de picudo negro en las pitas de Almeria\",\"potentialAction\":[{\"@type\":\"SearchAction\",\"target\":{\"@type\":\"EntryPoint\",\"urlTemplate\":\"https:\\\/\\\/elpicudonegro.com\\\/web\\\/?s={search_term_string}\"},\"query-input\":{\"@type\":\"PropertyValueSpecification\",\"valueRequired\":true,\"valueName\":\"search_term_string\"}}],\"inLanguage\":\"es\"}]}<\/script>\n<!-- \/ Yoast SEO plugin. -->","yoast_head_json":{"title":"GLOSARIO Y CONCEPTOS - EL PICUDO NEGRO","description":"No debemos dejar que este gorgojo elimine LAS PITAS y otras especies vegetales de nuestro entorno sin que intentemos hacer algo al respecto","robots":{"index":"index","follow":"follow","max-snippet":"max-snippet:-1","max-image-preview":"max-image-preview:large","max-video-preview":"max-video-preview:-1"},"canonical":"https:\/\/elpicudonegro.com\/web\/lucha-integrada-plaga-picudonegro-pitas\/","og_locale":"es_ES","og_type":"article","og_title":"GLOSARIO Y CONCEPTOS - EL PICUDO NEGRO","og_description":"No debemos dejar que este gorgojo elimine LAS PITAS y otras especies vegetales de nuestro entorno sin que intentemos hacer algo al respecto","og_url":"https:\/\/elpicudonegro.com\/web\/lucha-integrada-plaga-picudonegro-pitas\/","og_site_name":"EL PICUDO NEGRO","article_modified_time":"2016-04-14T23:16:42+00:00","og_image":[{"url":"http:\/\/elpicudonegro.com\/web\/wp-content\/uploads\/2016\/04\/DSCN6835-300x225.jpg","type":"","width":"","height":""}],"twitter_card":"summary_large_image","twitter_misc":{"Tiempo de lectura":"4 minutos"},"schema":{"@context":"https:\/\/schema.org","@graph":[{"@type":"WebPage","@id":"https:\/\/elpicudonegro.com\/web\/lucha-integrada-plaga-picudonegro-pitas\/","url":"https:\/\/elpicudonegro.com\/web\/lucha-integrada-plaga-picudonegro-pitas\/","name":"GLOSARIO Y CONCEPTOS - EL PICUDO NEGRO","isPartOf":{"@id":"https:\/\/elpicudonegro.com\/web\/#website"},"primaryImageOfPage":{"@id":"https:\/\/elpicudonegro.com\/web\/lucha-integrada-plaga-picudonegro-pitas\/#primaryimage"},"image":{"@id":"https:\/\/elpicudonegro.com\/web\/lucha-integrada-plaga-picudonegro-pitas\/#primaryimage"},"thumbnailUrl":"http:\/\/elpicudonegro.com\/web\/wp-content\/uploads\/2016\/04\/DSCN6835-300x225.jpg","datePublished":"2016-04-10T10:33:05+00:00","dateModified":"2016-04-14T23:16:42+00:00","description":"No debemos dejar que este gorgojo elimine LAS PITAS y otras especies vegetales de nuestro entorno sin que intentemos hacer algo al respecto","breadcrumb":{"@id":"https:\/\/elpicudonegro.com\/web\/lucha-integrada-plaga-picudonegro-pitas\/#breadcrumb"},"inLanguage":"es","potentialAction":[{"@type":"ReadAction","target":["https:\/\/elpicudonegro.com\/web\/lucha-integrada-plaga-picudonegro-pitas\/"]}]},{"@type":"ImageObject","inLanguage":"es","@id":"https:\/\/elpicudonegro.com\/web\/lucha-integrada-plaga-picudonegro-pitas\/#primaryimage","url":"https:\/\/i0.wp.com\/elpicudonegro.com\/web\/wp-content\/uploads\/2016\/04\/DSCN6835.jpg?fit=2048%2C1536&ssl=1","contentUrl":"https:\/\/i0.wp.com\/elpicudonegro.com\/web\/wp-content\/uploads\/2016\/04\/DSCN6835.jpg?fit=2048%2C1536&ssl=1","width":2048,"height":1536,"caption":"Scyphophorus acupunctatus sobre PITA"},{"@type":"BreadcrumbList","@id":"https:\/\/elpicudonegro.com\/web\/lucha-integrada-plaga-picudonegro-pitas\/#breadcrumb","itemListElement":[{"@type":"ListItem","position":1,"name":"Portada","item":"https:\/\/elpicudonegro.com\/web\/"},{"@type":"ListItem","position":2,"name":"GLOSARIO Y CONCEPTOS"}]},{"@type":"WebSite","@id":"https:\/\/elpicudonegro.com\/web\/#website","url":"https:\/\/elpicudonegro.com\/web\/","name":"EL PICUDO NEGRO","description":"Control de la plaga de picudo negro en las pitas de Almeria","potentialAction":[{"@type":"SearchAction","target":{"@type":"EntryPoint","urlTemplate":"https:\/\/elpicudonegro.com\/web\/?s={search_term_string}"},"query-input":{"@type":"PropertyValueSpecification","valueRequired":true,"valueName":"search_term_string"}}],"inLanguage":"es"}]}},"jetpack_sharing_enabled":true,"jetpack_shortlink":"https:\/\/wp.me\/P7lxPt-8V","jetpack-related-posts":[],"_links":{"self":[{"href":"https:\/\/elpicudonegro.com\/web\/wp-json\/wp\/v2\/pages\/553","targetHints":{"allow":["GET"]}}],"collection":[{"href":"https:\/\/elpicudonegro.com\/web\/wp-json\/wp\/v2\/pages"}],"about":[{"href":"https:\/\/elpicudonegro.com\/web\/wp-json\/wp\/v2\/types\/page"}],"author":[{"embeddable":true,"href":"https:\/\/elpicudonegro.com\/web\/wp-json\/wp\/v2\/users\/1"}],"replies":[{"embeddable":true,"href":"https:\/\/elpicudonegro.com\/web\/wp-json\/wp\/v2\/comments?post=553"}],"version-history":[{"count":12,"href":"https:\/\/elpicudonegro.com\/web\/wp-json\/wp\/v2\/pages\/553\/revisions"}],"predecessor-version":[{"id":625,"href":"https:\/\/elpicudonegro.com\/web\/wp-json\/wp\/v2\/pages\/553\/revisions\/625"}],"wp:attachment":[{"href":"https:\/\/elpicudonegro.com\/web\/wp-json\/wp\/v2\/media?parent=553"}],"curies":[{"name":"wp","href":"https:\/\/api.w.org\/{rel}","templated":true}]}}